{"id":1085,"date":"2024-04-12T15:55:42","date_gmt":"2024-04-12T15:55:42","guid":{"rendered":"https:\/\/hausermexico.com\/?post_type=product&#038;p=1085"},"modified":"2024-04-12T16:03:53","modified_gmt":"2024-04-12T16:03:53","slug":"florero-de-cristal-cuello-chico","status":"publish","type":"product","link":"https:\/\/hausermexico.com\/index.php\/product\/florero-de-cristal-cuello-chico\/","title":{"rendered":"FLORERO DE CRISTAL CUELLO CHICO"},"content":{"rendered":"<p>Agrega un toque de sofisticaci\u00f3n a tu decoraci\u00f3n con nuestro Florero de Cristal con Cuello Chico. Con su dise\u00f1o elegante y cuello amplio, este florero es perfecto para exhibir tus arreglos florales favoritos de una manera impresionante. <\/p>\n<p>El cristal transparente permite que la belleza natural de las flores se destaque, mientras que el cuello grande proporciona estabilidad y permite la creatividad en la disposici\u00f3n de las flores. Coloca este florero en tu mesa de centro, aparador o alf\u00e9izar de la ventana para a\u00f1adir un toque de elegancia y frescura a cualquier espacio de tu hogar.<\/p>\n<p>Medidas: 25cm x 21cm<br \/>MATERIAL : Cristal<\/p>\n","protected":false},"excerpt":{"rendered":"<p>Agrega un toque de sofisticaci\u00f3n a tu decoraci\u00f3n con nuestro Florero de Cristal con Cuello Chico. Con su dise\u00f1o elegante y cuello amplio, este florero es perfecto para exhibir tus arreglos florales favoritos de una manera impresionante. El cristal transparente permite que la belleza natural de las flores se destaque, mientras que el cuello grande [&hellip;]<\/p>\n","protected":false},"featured_media":1086,"comment_status":"open","ping_status":"closed","template":"","meta":{"_monsterinsights_skip_tracking":false,"_monsterinsights_sitenote_active":false,"_monsterinsights_sitenote_note":"","_monsterinsights_sitenote_category":0},"product_brand":[],"product_cat":[34,15],"product_tag":[],"class_list":{"0":"post-1085","1":"product","2":"type-product","3":"status-publish","4":"has-post-thumbnail","6":"product_cat-floreros","7":"product_cat-novedades","9":"first","10":"instock","11":"taxable","12":"shipping-taxable","13":"purchasable","14":"product-type-simple"},"aioseo_notices":[],"_links":{"self":[{"href":"https:\/\/hausermexico.com\/index.php\/wp-json\/wp\/v2\/product\/1085","targetHints":{"allow":["GET"]}}],"collection":[{"href":"https:\/\/hausermexico.com\/index.php\/wp-json\/wp\/v2\/product"}],"about":[{"href":"https:\/\/hausermexico.com\/index.php\/wp-json\/wp\/v2\/types\/product"}],"replies":[{"embeddable":true,"href":"https:\/\/hausermexico.com\/index.php\/wp-json\/wp\/v2\/comments?post=1085"}],"version-history":[{"count":3,"href":"https:\/\/hausermexico.com\/index.php\/wp-json\/wp\/v2\/product\/1085\/revisions"}],"predecessor-version":[{"id":1092,"href":"https:\/\/hausermexico.com\/index.php\/wp-json\/wp\/v2\/product\/1085\/revisions\/1092"}],"wp:featuredmedia":[{"embeddable":true,"href":"https:\/\/hausermexico.com\/index.php\/wp-json\/wp\/v2\/media\/1086"}],"wp:attachment":[{"href":"https:\/\/hausermexico.com\/index.php\/wp-json\/wp\/v2\/media?parent=1085"}],"wp:term":[{"taxonomy":"product_brand","embeddable":true,"href":"https:\/\/hausermexico.com\/index.php\/wp-json\/wp\/v2\/product_brand?post=1085"},{"taxonomy":"product_cat","embeddable":true,"href":"https:\/\/hausermexico.com\/index.php\/wp-json\/wp\/v2\/product_cat?post=1085"},{"taxonomy":"product_tag","embeddable":true,"href":"https:\/\/hausermexico.com\/index.php\/wp-json\/wp\/v2\/product_tag?post=1085"}],"curies":[{"name":"wp","href":"https:\/\/api.w.org\/{rel}","templated":true}]}}