{"id":1098,"date":"2024-04-12T16:08:02","date_gmt":"2024-04-12T16:08:02","guid":{"rendered":"https:\/\/hausermexico.com\/?post_type=product&#038;p=1098"},"modified":"2024-04-12T16:10:13","modified_gmt":"2024-04-12T16:10:13","slug":"florero-de-cristal-diamante-grande","status":"publish","type":"product","link":"https:\/\/hausermexico.com\/index.php\/product\/florero-de-cristal-diamante-grande\/","title":{"rendered":"FLORERO DE CRISTAL DIAMANTE GRANDE"},"content":{"rendered":"<p>Agrega un toque de lujo a tu hogar con nuestro Florero de Cristal Diamante Grande. Con su dise\u00f1o inspirado en la forma de un diamante, este florero es una verdadera joya para exhibir tus arreglos florales favoritos. El cristal transparente refleja la luz de una manera deslumbrante, realzando la belleza natural de las flores y a\u00f1adiendo un toque de glamour a cualquier espacio. <\/p>\n<p>Col\u00f3calo en tu sala de estar, comedor o \u00e1rea de recepci\u00f3n para crear un punto focal deslumbrante que dejar\u00e1 una impresi\u00f3n duradera en tus invitados.<\/p>\n<p>Medidas: 45cm x 23cm<\/p>\n","protected":false},"excerpt":{"rendered":"<p>Agrega un toque de lujo a tu hogar con nuestro Florero de Cristal Diamante Grande. Con su dise\u00f1o inspirado en la forma de un diamante, este florero es una verdadera joya para exhibir tus arreglos florales favoritos. El cristal transparente refleja la luz de una manera deslumbrante, realzando la belleza natural de las flores y [&hellip;]<\/p>\n","protected":false},"featured_media":1099,"comment_status":"open","ping_status":"closed","template":"","meta":{"_monsterinsights_skip_tracking":false,"_monsterinsights_sitenote_active":false,"_monsterinsights_sitenote_note":"","_monsterinsights_sitenote_category":0},"product_brand":[],"product_cat":[34,15],"product_tag":[],"class_list":{"0":"post-1098","1":"product","2":"type-product","3":"status-publish","4":"has-post-thumbnail","6":"product_cat-floreros","7":"product_cat-novedades","9":"first","10":"instock","11":"taxable","12":"shipping-taxable","13":"purchasable","14":"product-type-simple"},"aioseo_notices":[],"_links":{"self":[{"href":"https:\/\/hausermexico.com\/index.php\/wp-json\/wp\/v2\/product\/1098","targetHints":{"allow":["GET"]}}],"collection":[{"href":"https:\/\/hausermexico.com\/index.php\/wp-json\/wp\/v2\/product"}],"about":[{"href":"https:\/\/hausermexico.com\/index.php\/wp-json\/wp\/v2\/types\/product"}],"replies":[{"embeddable":true,"href":"https:\/\/hausermexico.com\/index.php\/wp-json\/wp\/v2\/comments?post=1098"}],"version-history":[{"count":1,"href":"https:\/\/hausermexico.com\/index.php\/wp-json\/wp\/v2\/product\/1098\/revisions"}],"predecessor-version":[{"id":1100,"href":"https:\/\/hausermexico.com\/index.php\/wp-json\/wp\/v2\/product\/1098\/revisions\/1100"}],"wp:featuredmedia":[{"embeddable":true,"href":"https:\/\/hausermexico.com\/index.php\/wp-json\/wp\/v2\/media\/1099"}],"wp:attachment":[{"href":"https:\/\/hausermexico.com\/index.php\/wp-json\/wp\/v2\/media?parent=1098"}],"wp:term":[{"taxonomy":"product_brand","embeddable":true,"href":"https:\/\/hausermexico.com\/index.php\/wp-json\/wp\/v2\/product_brand?post=1098"},{"taxonomy":"product_cat","embeddable":true,"href":"https:\/\/hausermexico.com\/index.php\/wp-json\/wp\/v2\/product_cat?post=1098"},{"taxonomy":"product_tag","embeddable":true,"href":"https:\/\/hausermexico.com\/index.php\/wp-json\/wp\/v2\/product_tag?post=1098"}],"curies":[{"name":"wp","href":"https:\/\/api.w.org\/{rel}","templated":true}]}}