{"id":1107,"date":"2024-04-12T16:16:52","date_gmt":"2024-04-12T16:16:52","guid":{"rendered":"https:\/\/hausermexico.com\/?post_type=product&#038;p=1107"},"modified":"2025-01-27T16:42:57","modified_gmt":"2025-01-27T16:42:57","slug":"juego-de-3-colas-de-ballena","status":"publish","type":"product","link":"https:\/\/hausermexico.com\/index.php\/product\/juego-de-3-colas-de-ballena\/","title":{"rendered":"JUEGO DE 3 COLAS DE BALLENA"},"content":{"rendered":"","protected":false},"excerpt":{"rendered":"<p>Sum\u00e9rgete en el encanto del oc\u00e9ano con nuestro Juego de 3 Colas de Ballena. Estas encantadoras piezas decorativas capturan la majestuosidad de las ballenas en miniatura, agregando un toque de maravilla marina a cualquier espacio de tu hogar. <\/p>\n<p>Fabricadas con atenci\u00f3n al detalle y un acabado realista, estas colas de ballena son perfectas para decorar estantes, mesas auxiliares o repisas. Ya sea en una habitaci\u00f3n tem\u00e1tica de inspiraci\u00f3n marina o como un acento decorativo \u00fanico, este juego de colas de ballena a\u00f1adir\u00e1 un toque de belleza y misterio al ambiente.<\/p>\n","protected":false},"featured_media":1109,"comment_status":"open","ping_status":"closed","template":"","meta":{"_monsterinsights_skip_tracking":false,"_monsterinsights_sitenote_active":false,"_monsterinsights_sitenote_note":"","_monsterinsights_sitenote_category":0},"product_brand":[],"product_cat":[35,15],"product_tag":[],"class_list":{"0":"post-1107","1":"product","2":"type-product","3":"status-publish","4":"has-post-thumbnail","6":"product_cat-nautico","7":"product_cat-novedades","9":"first","10":"instock","11":"taxable","12":"shipping-taxable","13":"purchasable","14":"product-type-simple"},"aioseo_notices":[],"_links":{"self":[{"href":"https:\/\/hausermexico.com\/index.php\/wp-json\/wp\/v2\/product\/1107","targetHints":{"allow":["GET"]}}],"collection":[{"href":"https:\/\/hausermexico.com\/index.php\/wp-json\/wp\/v2\/product"}],"about":[{"href":"https:\/\/hausermexico.com\/index.php\/wp-json\/wp\/v2\/types\/product"}],"replies":[{"embeddable":true,"href":"https:\/\/hausermexico.com\/index.php\/wp-json\/wp\/v2\/comments?post=1107"}],"version-history":[{"count":1,"href":"https:\/\/hausermexico.com\/index.php\/wp-json\/wp\/v2\/product\/1107\/revisions"}],"predecessor-version":[{"id":1110,"href":"https:\/\/hausermexico.com\/index.php\/wp-json\/wp\/v2\/product\/1107\/revisions\/1110"}],"wp:featuredmedia":[{"embeddable":true,"href":"https:\/\/hausermexico.com\/index.php\/wp-json\/wp\/v2\/media\/1109"}],"wp:attachment":[{"href":"https:\/\/hausermexico.com\/index.php\/wp-json\/wp\/v2\/media?parent=1107"}],"wp:term":[{"taxonomy":"product_brand","embeddable":true,"href":"https:\/\/hausermexico.com\/index.php\/wp-json\/wp\/v2\/product_brand?post=1107"},{"taxonomy":"product_cat","embeddable":true,"href":"https:\/\/hausermexico.com\/index.php\/wp-json\/wp\/v2\/product_cat?post=1107"},{"taxonomy":"product_tag","embeddable":true,"href":"https:\/\/hausermexico.com\/index.php\/wp-json\/wp\/v2\/product_tag?post=1107"}],"curies":[{"name":"wp","href":"https:\/\/api.w.org\/{rel}","templated":true}]}}