{"id":1159,"date":"2024-04-12T16:51:27","date_gmt":"2024-04-12T16:51:27","guid":{"rendered":"https:\/\/hausermexico.com\/?post_type=product&#038;p=1159"},"modified":"2024-04-12T16:53:27","modified_gmt":"2024-04-12T16:53:27","slug":"portarretratos-negro-madera-3-fotos","status":"publish","type":"product","link":"https:\/\/hausermexico.com\/index.php\/product\/portarretratos-negro-madera-3-fotos\/","title":{"rendered":"PORTARRETRATOS NEGRO MADERA 3 FOTOS"},"content":{"rendered":"<p>Muestra tus recuerdos m\u00e1s preciados con estilo con nuestro Conjunto de 3 Portarretratos de Madera en Negro. Estos elegantes portarretratos, dise\u00f1ados para contener tres fotos, est\u00e1n hechos de madera con un acabado en un profundo tono negro. <\/p>\n<p>Su dise\u00f1o cl\u00e1sico y sobrio se adapta perfectamente a una variedad de estilos de decoraci\u00f3n, desde moderno hasta tradicional. Coloca este conjunto en tu pared, mesa auxiliar o estante para agregar un toque de sofisticaci\u00f3n a cualquier espacio de tu hogar. Con estos portarretratos, tus fotos favoritas se destacar\u00e1n con elegancia y ser\u00e1n el centro de atenci\u00f3n en cualquier habitaci\u00f3n.<\/p>\n<p>Medidas: 24.5cm x 19cm x 2cm .<\/p>\n","protected":false},"excerpt":{"rendered":"<p>Muestra tus recuerdos m\u00e1s preciados con estilo con nuestro Conjunto de 3 Portarretratos de Madera en Negro. Estos elegantes portarretratos, dise\u00f1ados para contener tres fotos, est\u00e1n hechos de madera con un acabado en un profundo tono negro. Su dise\u00f1o cl\u00e1sico y sobrio se adapta perfectamente a una variedad de estilos de decoraci\u00f3n, desde moderno hasta [&hellip;]<\/p>\n","protected":false},"featured_media":1160,"comment_status":"open","ping_status":"closed","template":"","meta":{"_monsterinsights_skip_tracking":false,"_monsterinsights_sitenote_active":false,"_monsterinsights_sitenote_note":"","_monsterinsights_sitenote_category":0},"product_brand":[],"product_cat":[37],"product_tag":[],"class_list":{"0":"post-1159","1":"product","2":"type-product","3":"status-publish","4":"has-post-thumbnail","6":"product_cat-portarretratos","8":"first","9":"instock","10":"taxable","11":"shipping-taxable","12":"purchasable","13":"product-type-simple"},"aioseo_notices":[],"_links":{"self":[{"href":"https:\/\/hausermexico.com\/index.php\/wp-json\/wp\/v2\/product\/1159","targetHints":{"allow":["GET"]}}],"collection":[{"href":"https:\/\/hausermexico.com\/index.php\/wp-json\/wp\/v2\/product"}],"about":[{"href":"https:\/\/hausermexico.com\/index.php\/wp-json\/wp\/v2\/types\/product"}],"replies":[{"embeddable":true,"href":"https:\/\/hausermexico.com\/index.php\/wp-json\/wp\/v2\/comments?post=1159"}],"version-history":[{"count":1,"href":"https:\/\/hausermexico.com\/index.php\/wp-json\/wp\/v2\/product\/1159\/revisions"}],"predecessor-version":[{"id":1161,"href":"https:\/\/hausermexico.com\/index.php\/wp-json\/wp\/v2\/product\/1159\/revisions\/1161"}],"wp:featuredmedia":[{"embeddable":true,"href":"https:\/\/hausermexico.com\/index.php\/wp-json\/wp\/v2\/media\/1160"}],"wp:attachment":[{"href":"https:\/\/hausermexico.com\/index.php\/wp-json\/wp\/v2\/media?parent=1159"}],"wp:term":[{"taxonomy":"product_brand","embeddable":true,"href":"https:\/\/hausermexico.com\/index.php\/wp-json\/wp\/v2\/product_brand?post=1159"},{"taxonomy":"product_cat","embeddable":true,"href":"https:\/\/hausermexico.com\/index.php\/wp-json\/wp\/v2\/product_cat?post=1159"},{"taxonomy":"product_tag","embeddable":true,"href":"https:\/\/hausermexico.com\/index.php\/wp-json\/wp\/v2\/product_tag?post=1159"}],"curies":[{"name":"wp","href":"https:\/\/api.w.org\/{rel}","templated":true}]}}