{"id":1168,"date":"2024-04-12T16:57:47","date_gmt":"2024-04-12T16:57:47","guid":{"rendered":"https:\/\/hausermexico.com\/?post_type=product&#038;p=1168"},"modified":"2024-04-12T17:00:40","modified_gmt":"2024-04-12T17:00:40","slug":"set-3-portarretratos-metal-plata","status":"publish","type":"product","link":"https:\/\/hausermexico.com\/index.php\/product\/set-3-portarretratos-metal-plata\/","title":{"rendered":"SET 3 PORTARRETRATOS METAL PLATA"},"content":{"rendered":"<p>Destaca tus momentos m\u00e1s preciados con nuestro Set de 3 Portarretratos de Metal en Plata. Estos portarretratos, con un elegante acabado en tono plateado, agregan un toque de sofisticaci\u00f3n moderna a tu hogar. <\/p>\n<p>Fabricados con metal de alta calidad, cada uno de estos portarretratos tiene un dise\u00f1o \u00fanico y elegante que complementar\u00e1 perfectamente tus fotograf\u00edas. Col\u00f3calos en tu pared, estante o mesa auxiliar para exhibir tus recuerdos favoritos con estilo. Ya sea en el sal\u00f3n, la oficina o el dormitorio, este set de portarretratos de metal en plata ser\u00e1 una adici\u00f3n elegante y llamativa a tu decoraci\u00f3n.<\/p>\n<p>Medidas: 25.5cm x 20.5cm x 1cm \/ 18.5cm x 13.5cm x 1cm \/ 10.5cm x 15.5cm x 1cm<\/p>\n","protected":false},"excerpt":{"rendered":"<p>Destaca tus momentos m\u00e1s preciados con nuestro Set de 3 Portarretratos de Metal en Plata. Estos portarretratos, con un elegante acabado en tono plateado, agregan un toque de sofisticaci\u00f3n moderna a tu hogar. Fabricados con metal de alta calidad, cada uno de estos portarretratos tiene un dise\u00f1o \u00fanico y elegante que complementar\u00e1 perfectamente tus fotograf\u00edas. [&hellip;]<\/p>\n","protected":false},"featured_media":1169,"comment_status":"open","ping_status":"closed","template":"","meta":{"_monsterinsights_skip_tracking":false,"_monsterinsights_sitenote_active":false,"_monsterinsights_sitenote_note":"","_monsterinsights_sitenote_category":0},"product_brand":[],"product_cat":[37],"product_tag":[],"class_list":{"0":"post-1168","1":"product","2":"type-product","3":"status-publish","4":"has-post-thumbnail","6":"product_cat-portarretratos","8":"first","9":"instock","10":"taxable","11":"shipping-taxable","12":"purchasable","13":"product-type-simple"},"aioseo_notices":[],"_links":{"self":[{"href":"https:\/\/hausermexico.com\/index.php\/wp-json\/wp\/v2\/product\/1168","targetHints":{"allow":["GET"]}}],"collection":[{"href":"https:\/\/hausermexico.com\/index.php\/wp-json\/wp\/v2\/product"}],"about":[{"href":"https:\/\/hausermexico.com\/index.php\/wp-json\/wp\/v2\/types\/product"}],"replies":[{"embeddable":true,"href":"https:\/\/hausermexico.com\/index.php\/wp-json\/wp\/v2\/comments?post=1168"}],"version-history":[{"count":1,"href":"https:\/\/hausermexico.com\/index.php\/wp-json\/wp\/v2\/product\/1168\/revisions"}],"predecessor-version":[{"id":1170,"href":"https:\/\/hausermexico.com\/index.php\/wp-json\/wp\/v2\/product\/1168\/revisions\/1170"}],"wp:featuredmedia":[{"embeddable":true,"href":"https:\/\/hausermexico.com\/index.php\/wp-json\/wp\/v2\/media\/1169"}],"wp:attachment":[{"href":"https:\/\/hausermexico.com\/index.php\/wp-json\/wp\/v2\/media?parent=1168"}],"wp:term":[{"taxonomy":"product_brand","embeddable":true,"href":"https:\/\/hausermexico.com\/index.php\/wp-json\/wp\/v2\/product_brand?post=1168"},{"taxonomy":"product_cat","embeddable":true,"href":"https:\/\/hausermexico.com\/index.php\/wp-json\/wp\/v2\/product_cat?post=1168"},{"taxonomy":"product_tag","embeddable":true,"href":"https:\/\/hausermexico.com\/index.php\/wp-json\/wp\/v2\/product_tag?post=1168"}],"curies":[{"name":"wp","href":"https:\/\/api.w.org\/{rel}","templated":true}]}}