{"id":1210,"date":"2024-04-23T17:21:45","date_gmt":"2024-04-23T17:21:45","guid":{"rendered":"https:\/\/hausermexico.com\/?post_type=product&#038;p=1210"},"modified":"2024-04-23T17:27:06","modified_gmt":"2024-04-23T17:27:06","slug":"maceta-tipo-bote-md","status":"publish","type":"product","link":"https:\/\/hausermexico.com\/index.php\/product\/maceta-tipo-bote-md\/","title":{"rendered":"MACETA TIPO BOTE MD"},"content":{"rendered":"<p>Nuestra maceta de barro es la elecci\u00f3n perfecta para dar vida a tus plantas con un toque de naturalidad y sofisticaci\u00f3n. Esta maceta no solo es un recipiente funcional, sino que tambi\u00e9n es una expresi\u00f3n de estilo y belleza en tu espacio.<\/p>\n<p>MEDIDAS:\u00a017cm x 14cm x 11cm<br \/>MATERIAL: Barro<\/p>\n","protected":false},"excerpt":{"rendered":"<p>Nuestra maceta de barro es la elecci\u00f3n perfecta para dar vida a tus plantas con un toque de naturalidad y sofisticaci\u00f3n. Esta maceta no solo es un recipiente funcional, sino que tambi\u00e9n es una expresi\u00f3n de estilo y belleza en tu espacio.<\/p>\n<p>MEDIDAS:\u00a017cm x 14cm x 11cm<br \/>MATERIAL: Barro<\/p>\n","protected":false},"featured_media":1211,"comment_status":"open","ping_status":"closed","template":"","meta":{"_monsterinsights_skip_tracking":false,"_monsterinsights_sitenote_active":false,"_monsterinsights_sitenote_note":"","_monsterinsights_sitenote_category":0},"product_brand":[],"product_cat":[36,42],"product_tag":[],"class_list":{"0":"post-1210","1":"product","2":"type-product","3":"status-publish","4":"has-post-thumbnail","6":"product_cat-macetas","7":"product_cat-outlet","9":"first","10":"instock","11":"taxable","12":"shipping-taxable","13":"purchasable","14":"product-type-simple"},"aioseo_notices":[],"_links":{"self":[{"href":"https:\/\/hausermexico.com\/index.php\/wp-json\/wp\/v2\/product\/1210","targetHints":{"allow":["GET"]}}],"collection":[{"href":"https:\/\/hausermexico.com\/index.php\/wp-json\/wp\/v2\/product"}],"about":[{"href":"https:\/\/hausermexico.com\/index.php\/wp-json\/wp\/v2\/types\/product"}],"replies":[{"embeddable":true,"href":"https:\/\/hausermexico.com\/index.php\/wp-json\/wp\/v2\/comments?post=1210"}],"version-history":[{"count":1,"href":"https:\/\/hausermexico.com\/index.php\/wp-json\/wp\/v2\/product\/1210\/revisions"}],"predecessor-version":[{"id":1212,"href":"https:\/\/hausermexico.com\/index.php\/wp-json\/wp\/v2\/product\/1210\/revisions\/1212"}],"wp:featuredmedia":[{"embeddable":true,"href":"https:\/\/hausermexico.com\/index.php\/wp-json\/wp\/v2\/media\/1211"}],"wp:attachment":[{"href":"https:\/\/hausermexico.com\/index.php\/wp-json\/wp\/v2\/media?parent=1210"}],"wp:term":[{"taxonomy":"product_brand","embeddable":true,"href":"https:\/\/hausermexico.com\/index.php\/wp-json\/wp\/v2\/product_brand?post=1210"},{"taxonomy":"product_cat","embeddable":true,"href":"https:\/\/hausermexico.com\/index.php\/wp-json\/wp\/v2\/product_cat?post=1210"},{"taxonomy":"product_tag","embeddable":true,"href":"https:\/\/hausermexico.com\/index.php\/wp-json\/wp\/v2\/product_tag?post=1210"}],"curies":[{"name":"wp","href":"https:\/\/api.w.org\/{rel}","templated":true}]}}