{"id":1225,"date":"2024-04-23T17:32:02","date_gmt":"2024-04-23T17:32:02","guid":{"rendered":"https:\/\/hausermexico.com\/?post_type=product&#038;p=1225"},"modified":"2024-04-23T17:37:11","modified_gmt":"2024-04-23T17:37:11","slug":"jarron-ceramica-gde","status":"publish","type":"product","link":"https:\/\/hausermexico.com\/index.php\/product\/jarron-ceramica-gde\/","title":{"rendered":"JARRON CERAMICA GDE"},"content":{"rendered":"<p>El Jarr\u00f3n de Cer\u00e1mica que estabas buscando para dar vida a tus espacios. Confeccionado con cer\u00e1mica de primera calidad y un acabado esmaltado que resalta cada detalle, este jarr\u00f3n es la definici\u00f3n de elegancia.  <\/p>\n<p>A\u00f1ade un toque de sofisticaci\u00f3n a tu hogar con esta pieza de arte funcional que robar\u00e1 miradas y elevar\u00e1 tu espacio a otro nivel de estilo.<\/p>\n<p>MEDIDAS:\u00a032cm x 14cm<\/p>\n","protected":false},"excerpt":{"rendered":"<p>El Jarr\u00f3n de Cer\u00e1mica que estabas buscando para dar vida a tus espacios. Confeccionado con cer\u00e1mica de primera calidad y un acabado esmaltado que resalta cada detalle, este jarr\u00f3n es la definici\u00f3n de elegancia. A\u00f1ade un toque de sofisticaci\u00f3n a tu hogar con esta pieza de arte funcional que robar\u00e1 miradas y elevar\u00e1 tu espacio [&hellip;]<\/p>\n","protected":false},"featured_media":1226,"comment_status":"open","ping_status":"closed","template":"","meta":{"_monsterinsights_skip_tracking":false,"_monsterinsights_sitenote_active":false,"_monsterinsights_sitenote_note":"","_monsterinsights_sitenote_category":0},"product_brand":[],"product_cat":[34,36],"product_tag":[],"class_list":{"0":"post-1225","1":"product","2":"type-product","3":"status-publish","4":"has-post-thumbnail","6":"product_cat-floreros","7":"product_cat-macetas","9":"first","10":"instock","11":"taxable","12":"shipping-taxable","13":"purchasable","14":"product-type-simple"},"aioseo_notices":[],"_links":{"self":[{"href":"https:\/\/hausermexico.com\/index.php\/wp-json\/wp\/v2\/product\/1225","targetHints":{"allow":["GET"]}}],"collection":[{"href":"https:\/\/hausermexico.com\/index.php\/wp-json\/wp\/v2\/product"}],"about":[{"href":"https:\/\/hausermexico.com\/index.php\/wp-json\/wp\/v2\/types\/product"}],"replies":[{"embeddable":true,"href":"https:\/\/hausermexico.com\/index.php\/wp-json\/wp\/v2\/comments?post=1225"}],"version-history":[{"count":2,"href":"https:\/\/hausermexico.com\/index.php\/wp-json\/wp\/v2\/product\/1225\/revisions"}],"predecessor-version":[{"id":1230,"href":"https:\/\/hausermexico.com\/index.php\/wp-json\/wp\/v2\/product\/1225\/revisions\/1230"}],"wp:featuredmedia":[{"embeddable":true,"href":"https:\/\/hausermexico.com\/index.php\/wp-json\/wp\/v2\/media\/1226"}],"wp:attachment":[{"href":"https:\/\/hausermexico.com\/index.php\/wp-json\/wp\/v2\/media?parent=1225"}],"wp:term":[{"taxonomy":"product_brand","embeddable":true,"href":"https:\/\/hausermexico.com\/index.php\/wp-json\/wp\/v2\/product_brand?post=1225"},{"taxonomy":"product_cat","embeddable":true,"href":"https:\/\/hausermexico.com\/index.php\/wp-json\/wp\/v2\/product_cat?post=1225"},{"taxonomy":"product_tag","embeddable":true,"href":"https:\/\/hausermexico.com\/index.php\/wp-json\/wp\/v2\/product_tag?post=1225"}],"curies":[{"name":"wp","href":"https:\/\/api.w.org\/{rel}","templated":true}]}}