{"id":1228,"date":"2024-04-23T17:35:44","date_gmt":"2024-04-23T17:35:44","guid":{"rendered":"https:\/\/hausermexico.com\/?post_type=product&#038;p=1228"},"modified":"2024-04-23T17:36:50","modified_gmt":"2024-04-23T17:36:50","slug":"jarron-ceramica-md","status":"publish","type":"product","link":"https:\/\/hausermexico.com\/index.php\/product\/jarron-ceramica-md\/","title":{"rendered":"JARRON CERAMICA MD"},"content":{"rendered":"<p>El Jarr\u00f3n de Cer\u00e1mica que estabas buscando para dar vida a tus espacios. Confeccionado con cer\u00e1mica de primera calidad y un acabado esmaltado que resalta cada detalle, este jarr\u00f3n es la definici\u00f3n de elegancia.  <\/p>\n<p>A\u00f1ade un toque de sofisticaci\u00f3n a tu hogar con esta pieza de arte funcional que robar\u00e1 miradas y elevar\u00e1 tu espacio a otro nivel de estilo.<\/p>\n<p>MEDIDAS:\u00a025cm x 13cm<\/p>\n","protected":false},"excerpt":{"rendered":"<p>El Jarr\u00f3n de Cer\u00e1mica que estabas buscando para dar vida a tus espacios. Confeccionado con cer\u00e1mica de primera calidad y un acabado esmaltado que resalta cada detalle, este jarr\u00f3n es la definici\u00f3n de elegancia. A\u00f1ade un toque de sofisticaci\u00f3n a tu hogar con esta pieza de arte funcional que robar\u00e1 miradas y elevar\u00e1 tu espacio [&hellip;]<\/p>\n","protected":false},"featured_media":1226,"comment_status":"open","ping_status":"closed","template":"","meta":{"_monsterinsights_skip_tracking":false,"_monsterinsights_sitenote_active":false,"_monsterinsights_sitenote_note":"","_monsterinsights_sitenote_category":0},"product_brand":[],"product_cat":[34,36],"product_tag":[],"class_list":{"0":"post-1228","1":"product","2":"type-product","3":"status-publish","4":"has-post-thumbnail","6":"product_cat-floreros","7":"product_cat-macetas","9":"first","10":"instock","11":"taxable","12":"shipping-taxable","13":"purchasable","14":"product-type-simple"},"aioseo_notices":[],"_links":{"self":[{"href":"https:\/\/hausermexico.com\/index.php\/wp-json\/wp\/v2\/product\/1228","targetHints":{"allow":["GET"]}}],"collection":[{"href":"https:\/\/hausermexico.com\/index.php\/wp-json\/wp\/v2\/product"}],"about":[{"href":"https:\/\/hausermexico.com\/index.php\/wp-json\/wp\/v2\/types\/product"}],"replies":[{"embeddable":true,"href":"https:\/\/hausermexico.com\/index.php\/wp-json\/wp\/v2\/comments?post=1228"}],"version-history":[{"count":1,"href":"https:\/\/hausermexico.com\/index.php\/wp-json\/wp\/v2\/product\/1228\/revisions"}],"predecessor-version":[{"id":1229,"href":"https:\/\/hausermexico.com\/index.php\/wp-json\/wp\/v2\/product\/1228\/revisions\/1229"}],"wp:featuredmedia":[{"embeddable":true,"href":"https:\/\/hausermexico.com\/index.php\/wp-json\/wp\/v2\/media\/1226"}],"wp:attachment":[{"href":"https:\/\/hausermexico.com\/index.php\/wp-json\/wp\/v2\/media?parent=1228"}],"wp:term":[{"taxonomy":"product_brand","embeddable":true,"href":"https:\/\/hausermexico.com\/index.php\/wp-json\/wp\/v2\/product_brand?post=1228"},{"taxonomy":"product_cat","embeddable":true,"href":"https:\/\/hausermexico.com\/index.php\/wp-json\/wp\/v2\/product_cat?post=1228"},{"taxonomy":"product_tag","embeddable":true,"href":"https:\/\/hausermexico.com\/index.php\/wp-json\/wp\/v2\/product_tag?post=1228"}],"curies":[{"name":"wp","href":"https:\/\/api.w.org\/{rel}","templated":true}]}}