{"id":1264,"date":"2024-04-23T18:16:03","date_gmt":"2024-04-23T18:16:03","guid":{"rendered":"https:\/\/hausermexico.com\/?post_type=product&#038;p=1264"},"modified":"2024-04-23T18:17:25","modified_gmt":"2024-04-23T18:17:25","slug":"maceta-blanca-conica-md","status":"publish","type":"product","link":"https:\/\/hausermexico.com\/index.php\/product\/maceta-blanca-conica-md\/","title":{"rendered":"MACETA BLANCA CONICA MD"},"content":{"rendered":"<p>Nuestra maceta de barro es la elecci\u00f3n perfecta para dar vida a tus plantas con un toque de naturalidad y sofisticaci\u00f3n. Esta maceta no solo es un recipiente funcional, sino que tambi\u00e9n es una expresi\u00f3n de estilo y belleza en tu espacio.<\/p>\n<p>MEDIDAS:\u00a021cm x 9.5cm x 13.5cm<br \/>MATERIAL: Barro<\/p>\n","protected":false},"excerpt":{"rendered":"<p>Nuestra maceta de barro es la elecci\u00f3n perfecta para dar vida a tus plantas con un toque de naturalidad y sofisticaci\u00f3n. Esta maceta no solo es un recipiente funcional, sino que tambi\u00e9n es una expresi\u00f3n de estilo y belleza en tu espacio. MEDIDAS:\u00a021cm x 9.5cm x 13.5cmMATERIAL: Barro<\/p>\n","protected":false},"featured_media":1265,"comment_status":"open","ping_status":"closed","template":"","meta":{"_monsterinsights_skip_tracking":false,"_monsterinsights_sitenote_active":false,"_monsterinsights_sitenote_note":"","_monsterinsights_sitenote_category":0},"product_brand":[],"product_cat":[36,42],"product_tag":[],"class_list":{"0":"post-1264","1":"product","2":"type-product","3":"status-publish","4":"has-post-thumbnail","6":"product_cat-macetas","7":"product_cat-outlet","9":"first","10":"instock","11":"taxable","12":"shipping-taxable","13":"purchasable","14":"product-type-simple"},"aioseo_notices":[],"_links":{"self":[{"href":"https:\/\/hausermexico.com\/index.php\/wp-json\/wp\/v2\/product\/1264","targetHints":{"allow":["GET"]}}],"collection":[{"href":"https:\/\/hausermexico.com\/index.php\/wp-json\/wp\/v2\/product"}],"about":[{"href":"https:\/\/hausermexico.com\/index.php\/wp-json\/wp\/v2\/types\/product"}],"replies":[{"embeddable":true,"href":"https:\/\/hausermexico.com\/index.php\/wp-json\/wp\/v2\/comments?post=1264"}],"version-history":[{"count":1,"href":"https:\/\/hausermexico.com\/index.php\/wp-json\/wp\/v2\/product\/1264\/revisions"}],"predecessor-version":[{"id":1266,"href":"https:\/\/hausermexico.com\/index.php\/wp-json\/wp\/v2\/product\/1264\/revisions\/1266"}],"wp:featuredmedia":[{"embeddable":true,"href":"https:\/\/hausermexico.com\/index.php\/wp-json\/wp\/v2\/media\/1265"}],"wp:attachment":[{"href":"https:\/\/hausermexico.com\/index.php\/wp-json\/wp\/v2\/media?parent=1264"}],"wp:term":[{"taxonomy":"product_brand","embeddable":true,"href":"https:\/\/hausermexico.com\/index.php\/wp-json\/wp\/v2\/product_brand?post=1264"},{"taxonomy":"product_cat","embeddable":true,"href":"https:\/\/hausermexico.com\/index.php\/wp-json\/wp\/v2\/product_cat?post=1264"},{"taxonomy":"product_tag","embeddable":true,"href":"https:\/\/hausermexico.com\/index.php\/wp-json\/wp\/v2\/product_tag?post=1264"}],"curies":[{"name":"wp","href":"https:\/\/api.w.org\/{rel}","templated":true}]}}