{"id":1833,"date":"2024-11-26T15:44:35","date_gmt":"2024-11-26T15:44:35","guid":{"rendered":"https:\/\/hausermexico.com\/?post_type=product&#038;p=1833"},"modified":"2024-11-26T15:57:16","modified_gmt":"2024-11-26T15:57:16","slug":"lampara-de-escritorio-de-ceramica","status":"publish","type":"product","link":"https:\/\/hausermexico.com\/index.php\/product\/lampara-de-escritorio-de-ceramica\/","title":{"rendered":"LAMPARA DE ESCRITORIO DE CERAMICA"},"content":{"rendered":"<p>Ilumina tus espacios con estilo y funcionalidad gracias a nuestra <strong>L\u00e1mpara de Escritorio de Cer\u00e1mica<\/strong>. Su dise\u00f1o contempor\u00e1neo y elegante la convierte en el complemento ideal para cualquier oficina, estudio o rinc\u00f3n de lectura.<\/p>\n<p>Haz que cada rinc\u00f3n de tu escritorio refleje tu personalidad y buen gusto. \u00a1Adqui\u00e9rela hoy y transforma tu espacio!<\/p>\n<p>Medidas:<br \/>85cm x 41cm<\/p>\n","protected":false},"excerpt":{"rendered":"<p>Ilumina tus espacios con estilo y funcionalidad gracias a nuestra L\u00e1mpara de Escritorio de Cer\u00e1mica. Su dise\u00f1o contempor\u00e1neo y elegante la convierte en el complemento ideal para cualquier oficina, estudio o rinc\u00f3n de lectura. Haz que cada rinc\u00f3n de tu escritorio refleje tu personalidad y buen gusto. \u00a1Adqui\u00e9rela hoy y transforma tu espacio! Medidas:85cm x [&hellip;]<\/p>\n","protected":false},"featured_media":1834,"comment_status":"open","ping_status":"closed","template":"","meta":{"_monsterinsights_skip_tracking":false,"_monsterinsights_sitenote_active":false,"_monsterinsights_sitenote_note":"","_monsterinsights_sitenote_category":0},"product_brand":[],"product_cat":[28,15],"product_tag":[],"class_list":{"0":"post-1833","1":"product","2":"type-product","3":"status-publish","4":"has-post-thumbnail","6":"product_cat-lamparas","7":"product_cat-novedades","9":"first","10":"instock","11":"taxable","12":"shipping-taxable","13":"purchasable","14":"product-type-simple"},"aioseo_notices":[],"_links":{"self":[{"href":"https:\/\/hausermexico.com\/index.php\/wp-json\/wp\/v2\/product\/1833","targetHints":{"allow":["GET"]}}],"collection":[{"href":"https:\/\/hausermexico.com\/index.php\/wp-json\/wp\/v2\/product"}],"about":[{"href":"https:\/\/hausermexico.com\/index.php\/wp-json\/wp\/v2\/types\/product"}],"replies":[{"embeddable":true,"href":"https:\/\/hausermexico.com\/index.php\/wp-json\/wp\/v2\/comments?post=1833"}],"version-history":[{"count":1,"href":"https:\/\/hausermexico.com\/index.php\/wp-json\/wp\/v2\/product\/1833\/revisions"}],"predecessor-version":[{"id":1836,"href":"https:\/\/hausermexico.com\/index.php\/wp-json\/wp\/v2\/product\/1833\/revisions\/1836"}],"wp:featuredmedia":[{"embeddable":true,"href":"https:\/\/hausermexico.com\/index.php\/wp-json\/wp\/v2\/media\/1834"}],"wp:attachment":[{"href":"https:\/\/hausermexico.com\/index.php\/wp-json\/wp\/v2\/media?parent=1833"}],"wp:term":[{"taxonomy":"product_brand","embeddable":true,"href":"https:\/\/hausermexico.com\/index.php\/wp-json\/wp\/v2\/product_brand?post=1833"},{"taxonomy":"product_cat","embeddable":true,"href":"https:\/\/hausermexico.com\/index.php\/wp-json\/wp\/v2\/product_cat?post=1833"},{"taxonomy":"product_tag","embeddable":true,"href":"https:\/\/hausermexico.com\/index.php\/wp-json\/wp\/v2\/product_tag?post=1833"}],"curies":[{"name":"wp","href":"https:\/\/api.w.org\/{rel}","templated":true}]}}