{"id":1837,"date":"2024-11-26T15:58:05","date_gmt":"2024-11-26T15:58:05","guid":{"rendered":"https:\/\/hausermexico.com\/?post_type=product&#038;p=1837"},"modified":"2024-11-26T16:00:50","modified_gmt":"2024-11-26T16:00:50","slug":"lampara-de-escritorio-texturizada-negra","status":"publish","type":"product","link":"https:\/\/hausermexico.com\/index.php\/product\/lampara-de-escritorio-texturizada-negra\/","title":{"rendered":"LAMPARA DE ESCRITORIO TEXTURIZADA NEGRA"},"content":{"rendered":"<p>A\u00f1ade un toque de modernidad y elegancia a tu espacio con nuestra <strong>L\u00e1mpara de Escritorio Texturizada Negra<\/strong>. Su dise\u00f1o \u00fanico y acabado texturizado la hacen destacar como una pieza decorativa funcional y estilizada.<\/p>\n<p>Medidas:<br \/>64cm x 50cm<\/p>\n","protected":false},"excerpt":{"rendered":"<p>A\u00f1ade un toque de modernidad y elegancia a tu espacio con nuestra L\u00e1mpara de Escritorio Texturizada Negra. Su dise\u00f1o \u00fanico y acabado texturizado la hacen destacar como una pieza decorativa funcional y estilizada. Medidas:64cm x 50cm<\/p>\n","protected":false},"featured_media":1838,"comment_status":"open","ping_status":"closed","template":"","meta":{"_monsterinsights_skip_tracking":false,"_monsterinsights_sitenote_active":false,"_monsterinsights_sitenote_note":"","_monsterinsights_sitenote_category":0},"product_brand":[],"product_cat":[28,15],"product_tag":[],"class_list":{"0":"post-1837","1":"product","2":"type-product","3":"status-publish","4":"has-post-thumbnail","6":"product_cat-lamparas","7":"product_cat-novedades","9":"first","10":"instock","11":"taxable","12":"shipping-taxable","13":"purchasable","14":"product-type-simple"},"aioseo_notices":[],"_links":{"self":[{"href":"https:\/\/hausermexico.com\/index.php\/wp-json\/wp\/v2\/product\/1837","targetHints":{"allow":["GET"]}}],"collection":[{"href":"https:\/\/hausermexico.com\/index.php\/wp-json\/wp\/v2\/product"}],"about":[{"href":"https:\/\/hausermexico.com\/index.php\/wp-json\/wp\/v2\/types\/product"}],"replies":[{"embeddable":true,"href":"https:\/\/hausermexico.com\/index.php\/wp-json\/wp\/v2\/comments?post=1837"}],"version-history":[{"count":1,"href":"https:\/\/hausermexico.com\/index.php\/wp-json\/wp\/v2\/product\/1837\/revisions"}],"predecessor-version":[{"id":1840,"href":"https:\/\/hausermexico.com\/index.php\/wp-json\/wp\/v2\/product\/1837\/revisions\/1840"}],"wp:featuredmedia":[{"embeddable":true,"href":"https:\/\/hausermexico.com\/index.php\/wp-json\/wp\/v2\/media\/1838"}],"wp:attachment":[{"href":"https:\/\/hausermexico.com\/index.php\/wp-json\/wp\/v2\/media?parent=1837"}],"wp:term":[{"taxonomy":"product_brand","embeddable":true,"href":"https:\/\/hausermexico.com\/index.php\/wp-json\/wp\/v2\/product_brand?post=1837"},{"taxonomy":"product_cat","embeddable":true,"href":"https:\/\/hausermexico.com\/index.php\/wp-json\/wp\/v2\/product_cat?post=1837"},{"taxonomy":"product_tag","embeddable":true,"href":"https:\/\/hausermexico.com\/index.php\/wp-json\/wp\/v2\/product_tag?post=1837"}],"curies":[{"name":"wp","href":"https:\/\/api.w.org\/{rel}","templated":true}]}}