{"id":1891,"date":"2024-11-26T17:26:14","date_gmt":"2024-11-26T17:26:14","guid":{"rendered":"https:\/\/hausermexico.com\/?post_type=product&#038;p=1891"},"modified":"2025-01-27T16:40:27","modified_gmt":"2025-01-27T16:40:27","slug":"juego-escultura-patos-papa","status":"publish","type":"product","link":"https:\/\/hausermexico.com\/index.php\/product\/juego-escultura-patos-papa\/","title":{"rendered":"JUEGO ESCULTURA PATOS &#8220;PAP\u00c1&#8221;"},"content":{"rendered":"<p>Agrega un toque de elegancia y dinamismo a tu hogar u oficina con el<strong> Juego Escultura Patos &#8220;PAP\u00c1&#8221;<\/strong>. Estas piezas de arte contempor\u00e1neo, con su acabado en madera, no solo capturan la esencia de la naturaleza, sino que tambi\u00e9n se convierten en un elemento decorativo moderno y sofisticado para cualquier espacio.<\/p>\n<p>Medidas:<br \/>44cm x 26cm x 13cm<br \/>28cm x 22cm x 13cm<\/p>\n","protected":false},"excerpt":{"rendered":"<p>Agrega un toque de elegancia y dinamismo a tu hogar u oficina con el Juego Escultura Patos &#8220;PAP\u00c1&#8221;. Estas piezas de arte contempor\u00e1neo, con su acabado en madera, no solo capturan la esencia de la naturaleza, sino que tambi\u00e9n se convierten en un elemento decorativo moderno y sofisticado para cualquier espacio. Medidas:44cm x 26cm x [&hellip;]<\/p>\n","protected":false},"featured_media":1895,"comment_status":"open","ping_status":"closed","template":"","meta":{"_monsterinsights_skip_tracking":false,"_monsterinsights_sitenote_active":false,"_monsterinsights_sitenote_note":"","_monsterinsights_sitenote_category":0},"product_brand":[],"product_cat":[33,15],"product_tag":[],"class_list":{"0":"post-1891","1":"product","2":"type-product","3":"status-publish","4":"has-post-thumbnail","6":"product_cat-accesorios","7":"product_cat-novedades","9":"first","10":"instock","11":"taxable","12":"shipping-taxable","13":"purchasable","14":"product-type-simple"},"aioseo_notices":[],"_links":{"self":[{"href":"https:\/\/hausermexico.com\/index.php\/wp-json\/wp\/v2\/product\/1891","targetHints":{"allow":["GET"]}}],"collection":[{"href":"https:\/\/hausermexico.com\/index.php\/wp-json\/wp\/v2\/product"}],"about":[{"href":"https:\/\/hausermexico.com\/index.php\/wp-json\/wp\/v2\/types\/product"}],"replies":[{"embeddable":true,"href":"https:\/\/hausermexico.com\/index.php\/wp-json\/wp\/v2\/comments?post=1891"}],"version-history":[{"count":3,"href":"https:\/\/hausermexico.com\/index.php\/wp-json\/wp\/v2\/product\/1891\/revisions"}],"predecessor-version":[{"id":1903,"href":"https:\/\/hausermexico.com\/index.php\/wp-json\/wp\/v2\/product\/1891\/revisions\/1903"}],"wp:featuredmedia":[{"embeddable":true,"href":"https:\/\/hausermexico.com\/index.php\/wp-json\/wp\/v2\/media\/1895"}],"wp:attachment":[{"href":"https:\/\/hausermexico.com\/index.php\/wp-json\/wp\/v2\/media?parent=1891"}],"wp:term":[{"taxonomy":"product_brand","embeddable":true,"href":"https:\/\/hausermexico.com\/index.php\/wp-json\/wp\/v2\/product_brand?post=1891"},{"taxonomy":"product_cat","embeddable":true,"href":"https:\/\/hausermexico.com\/index.php\/wp-json\/wp\/v2\/product_cat?post=1891"},{"taxonomy":"product_tag","embeddable":true,"href":"https:\/\/hausermexico.com\/index.php\/wp-json\/wp\/v2\/product_tag?post=1891"}],"curies":[{"name":"wp","href":"https:\/\/api.w.org\/{rel}","templated":true}]}}