{"id":712,"date":"2024-04-05T16:49:20","date_gmt":"2024-04-05T16:49:20","guid":{"rendered":"https:\/\/hausermexico.com\/?post_type=product&#038;p=712"},"modified":"2025-01-27T16:35:39","modified_gmt":"2025-01-27T16:35:39","slug":"cajonera-cuadrada-vintage","status":"publish","type":"product","link":"https:\/\/hausermexico.com\/index.php\/product\/cajonera-cuadrada-vintage\/","title":{"rendered":"SET DE 3 BOTES DE LECHE OXIDADOS"},"content":{"rendered":"<p>Nuestro Set de 3 Botes Oxidados Decorativos evoca la belleza del paso del tiempo y el encanto del estilo vintage. Estos botes a\u00f1aden una dosis de autenticidad y car\u00e1cter a tu decoraci\u00f3n, transformando cualquier espacio en un rinc\u00f3n con un aire nost\u00e1lgico y r\u00fastico.<\/p>\n<p>MATERIAL: Metal <\/p>\n","protected":false},"excerpt":{"rendered":"<p>Nuestro Set de 3 Botes Oxidados Decorativos evoca la belleza del paso del tiempo y el encanto del estilo vintage. Estos botes a\u00f1aden una dosis de autenticidad y car\u00e1cter a tu decoraci\u00f3n, transformando cualquier espacio en un rinc\u00f3n con un aire nost\u00e1lgico y r\u00fastico. MATERIAL: Metal<\/p>\n","protected":false},"featured_media":724,"comment_status":"open","ping_status":"closed","template":"","meta":{"_monsterinsights_skip_tracking":false,"_monsterinsights_sitenote_active":false,"_monsterinsights_sitenote_note":"","_monsterinsights_sitenote_category":0},"product_brand":[],"product_cat":[42],"product_tag":[],"class_list":{"0":"post-712","1":"product","2":"type-product","3":"status-publish","4":"has-post-thumbnail","6":"product_cat-outlet","8":"first","9":"instock","10":"taxable","11":"shipping-taxable","12":"product-type-simple"},"aioseo_notices":[],"_links":{"self":[{"href":"https:\/\/hausermexico.com\/index.php\/wp-json\/wp\/v2\/product\/712","targetHints":{"allow":["GET"]}}],"collection":[{"href":"https:\/\/hausermexico.com\/index.php\/wp-json\/wp\/v2\/product"}],"about":[{"href":"https:\/\/hausermexico.com\/index.php\/wp-json\/wp\/v2\/types\/product"}],"replies":[{"embeddable":true,"href":"https:\/\/hausermexico.com\/index.php\/wp-json\/wp\/v2\/comments?post=712"}],"version-history":[{"count":1,"href":"https:\/\/hausermexico.com\/index.php\/wp-json\/wp\/v2\/product\/712\/revisions"}],"predecessor-version":[{"id":1965,"href":"https:\/\/hausermexico.com\/index.php\/wp-json\/wp\/v2\/product\/712\/revisions\/1965"}],"wp:featuredmedia":[{"embeddable":true,"href":"https:\/\/hausermexico.com\/index.php\/wp-json\/wp\/v2\/media\/724"}],"wp:attachment":[{"href":"https:\/\/hausermexico.com\/index.php\/wp-json\/wp\/v2\/media?parent=712"}],"wp:term":[{"taxonomy":"product_brand","embeddable":true,"href":"https:\/\/hausermexico.com\/index.php\/wp-json\/wp\/v2\/product_brand?post=712"},{"taxonomy":"product_cat","embeddable":true,"href":"https:\/\/hausermexico.com\/index.php\/wp-json\/wp\/v2\/product_cat?post=712"},{"taxonomy":"product_tag","embeddable":true,"href":"https:\/\/hausermexico.com\/index.php\/wp-json\/wp\/v2\/product_tag?post=712"}],"curies":[{"name":"wp","href":"https:\/\/api.w.org\/{rel}","templated":true}]}}