{"id":716,"date":"2024-04-05T16:53:23","date_gmt":"2024-04-05T16:53:23","guid":{"rendered":"https:\/\/hausermexico.com\/?post_type=product&#038;p=716"},"modified":"2024-04-05T17:03:39","modified_gmt":"2024-04-05T17:03:39","slug":"capelo-de-cristal-y-madera","status":"publish","type":"product","link":"https:\/\/hausermexico.com\/index.php\/product\/capelo-de-cristal-y-madera\/","title":{"rendered":"CAPELO DE CRISTAL Y MADERA"},"content":{"rendered":"<p>Nuestro Capelo de Decoraci\u00f3n con Base de Madera es una pieza \u00fanica que combina el encanto cl\u00e1sico con la sofisticaci\u00f3n contempor\u00e1nea. Este capelo es mucho m\u00e1s que un simple objeto decorativo; es una declaraci\u00f3n de estilo que a\u00f1ade car\u00e1cter y distinci\u00f3n a cualquier espacio.<\/p>\n<p>\u00a0MEDIDAS :\u00a029cm x 13.5cm \/\u00a036cm x 16cm<br \/>MATERIAL: Cristal y madera<\/p>\n","protected":false},"excerpt":{"rendered":"<p>Nuestro Capelo de Decoraci\u00f3n con Base de Madera es una pieza \u00fanica que combina el encanto cl\u00e1sico con la sofisticaci\u00f3n contempor\u00e1nea. Este capelo es mucho m\u00e1s que un simple objeto decorativo; es una declaraci\u00f3n de estilo que a\u00f1ade car\u00e1cter y distinci\u00f3n a cualquier espacio. \u00a0MEDIDAS :\u00a029cm x 13.5cm \/\u00a036cm x 16cmMATERIAL: Cristal y madera<\/p>\n","protected":false},"featured_media":719,"comment_status":"open","ping_status":"closed","template":"","meta":{"_monsterinsights_skip_tracking":false,"_monsterinsights_sitenote_active":false,"_monsterinsights_sitenote_note":"","_monsterinsights_sitenote_category":0},"product_brand":[],"product_cat":[33],"product_tag":[],"class_list":{"0":"post-716","1":"product","2":"type-product","3":"status-publish","4":"has-post-thumbnail","6":"product_cat-accesorios","8":"first","9":"instock","10":"taxable","11":"shipping-taxable","12":"purchasable","13":"product-type-variable","14":"has-default-attributes"},"aioseo_notices":[],"_links":{"self":[{"href":"https:\/\/hausermexico.com\/index.php\/wp-json\/wp\/v2\/product\/716","targetHints":{"allow":["GET"]}}],"collection":[{"href":"https:\/\/hausermexico.com\/index.php\/wp-json\/wp\/v2\/product"}],"about":[{"href":"https:\/\/hausermexico.com\/index.php\/wp-json\/wp\/v2\/types\/product"}],"replies":[{"embeddable":true,"href":"https:\/\/hausermexico.com\/index.php\/wp-json\/wp\/v2\/comments?post=716"}],"version-history":[{"count":0,"href":"https:\/\/hausermexico.com\/index.php\/wp-json\/wp\/v2\/product\/716\/revisions"}],"wp:featuredmedia":[{"embeddable":true,"href":"https:\/\/hausermexico.com\/index.php\/wp-json\/wp\/v2\/media\/719"}],"wp:attachment":[{"href":"https:\/\/hausermexico.com\/index.php\/wp-json\/wp\/v2\/media?parent=716"}],"wp:term":[{"taxonomy":"product_brand","embeddable":true,"href":"https:\/\/hausermexico.com\/index.php\/wp-json\/wp\/v2\/product_brand?post=716"},{"taxonomy":"product_cat","embeddable":true,"href":"https:\/\/hausermexico.com\/index.php\/wp-json\/wp\/v2\/product_cat?post=716"},{"taxonomy":"product_tag","embeddable":true,"href":"https:\/\/hausermexico.com\/index.php\/wp-json\/wp\/v2\/product_tag?post=716"}],"curies":[{"name":"wp","href":"https:\/\/api.w.org\/{rel}","templated":true}]}}