{"id":734,"date":"2024-04-05T17:07:50","date_gmt":"2024-04-05T17:07:50","guid":{"rendered":"https:\/\/hausermexico.com\/?post_type=product&#038;p=734"},"modified":"2024-04-05T17:10:01","modified_gmt":"2024-04-05T17:10:01","slug":"candelero-de-tela-negra-y-madera-con-vaso","status":"publish","type":"product","link":"https:\/\/hausermexico.com\/index.php\/product\/candelero-de-tela-negra-y-madera-con-vaso\/","title":{"rendered":"CANDELERO DE TELA NEGRA Y MADERA CON VASO"},"content":{"rendered":"<p>El candil emite una luz suave y acogedora, creando una atm\u00f3sfera relajante y rom\u00e1ntica en la habitaci\u00f3n. Puede colocarse en el comedor, la sala de estar o incluso en el dormitorio para crear un ambiente acogedor y sofisticado. Con su dise\u00f1o \u00fanico y su combinaci\u00f3n de madera y tela, este candil con tela seguramente ser\u00e1 el centro de atenci\u00f3n en cualquier espacio.<\/p>\n<p>MEDIDAS:\u00a040cm x 17cm x 11.5cm\u00a0 \/\u00a028cm x 13cm x 10cm<br \/>MATERIAL : Tela y madera<\/p>\n","protected":false},"excerpt":{"rendered":"<p>El candil emite una luz suave y acogedora, creando una atm\u00f3sfera relajante y rom\u00e1ntica en la habitaci\u00f3n. Puede colocarse en el comedor, la sala de estar o incluso en el dormitorio para crear un ambiente acogedor y sofisticado. Con su dise\u00f1o \u00fanico y su combinaci\u00f3n de madera y tela, este candil con tela seguramente ser\u00e1 [&hellip;]<\/p>\n","protected":false},"featured_media":735,"comment_status":"open","ping_status":"closed","template":"","meta":{"_monsterinsights_skip_tracking":false,"_monsterinsights_sitenote_active":false,"_monsterinsights_sitenote_note":"","_monsterinsights_sitenote_category":0},"product_brand":[],"product_cat":[42],"product_tag":[],"class_list":{"0":"post-734","1":"product","2":"type-product","3":"status-publish","4":"has-post-thumbnail","6":"product_cat-outlet","8":"first","9":"instock","10":"sale","11":"taxable","12":"shipping-taxable","13":"purchasable","14":"product-type-variable","15":"has-default-attributes"},"aioseo_notices":[],"_links":{"self":[{"href":"https:\/\/hausermexico.com\/index.php\/wp-json\/wp\/v2\/product\/734","targetHints":{"allow":["GET"]}}],"collection":[{"href":"https:\/\/hausermexico.com\/index.php\/wp-json\/wp\/v2\/product"}],"about":[{"href":"https:\/\/hausermexico.com\/index.php\/wp-json\/wp\/v2\/types\/product"}],"replies":[{"embeddable":true,"href":"https:\/\/hausermexico.com\/index.php\/wp-json\/wp\/v2\/comments?post=734"}],"version-history":[{"count":0,"href":"https:\/\/hausermexico.com\/index.php\/wp-json\/wp\/v2\/product\/734\/revisions"}],"wp:featuredmedia":[{"embeddable":true,"href":"https:\/\/hausermexico.com\/index.php\/wp-json\/wp\/v2\/media\/735"}],"wp:attachment":[{"href":"https:\/\/hausermexico.com\/index.php\/wp-json\/wp\/v2\/media?parent=734"}],"wp:term":[{"taxonomy":"product_brand","embeddable":true,"href":"https:\/\/hausermexico.com\/index.php\/wp-json\/wp\/v2\/product_brand?post=734"},{"taxonomy":"product_cat","embeddable":true,"href":"https:\/\/hausermexico.com\/index.php\/wp-json\/wp\/v2\/product_cat?post=734"},{"taxonomy":"product_tag","embeddable":true,"href":"https:\/\/hausermexico.com\/index.php\/wp-json\/wp\/v2\/product_tag?post=734"}],"curies":[{"name":"wp","href":"https:\/\/api.w.org\/{rel}","templated":true}]}}