{"id":746,"date":"2024-04-05T17:28:35","date_gmt":"2024-04-05T17:28:35","guid":{"rendered":"https:\/\/hausermexico.com\/?post_type=product&#038;p=746"},"modified":"2024-04-05T17:29:37","modified_gmt":"2024-04-05T17:29:37","slug":"estrella-de-mar-azul-chica","status":"publish","type":"product","link":"https:\/\/hausermexico.com\/index.php\/product\/estrella-de-mar-azul-chica\/","title":{"rendered":"ESTRELLA DE MAR AZUL CHICA"},"content":{"rendered":"<p>Dale un toque mar\u00edtimo a tus espacios.La estrella azul es un encantador adorno perfecto para decorar cualquier espacio. Con un acabado brillante y una tonalidad azul, esta estrella de marina captura la atenci\u00f3n de todos los que la ven. Su tama\u00f1o compacto la hace vers\u00e1til, ya que se puede colocar en estanter\u00edas, mesas de centro o incluso colgarla en la pared.<\/p>\n<p>MEDIDA :10cm x 10cm<br \/>MATERIAL: Resina<\/p>\n","protected":false},"excerpt":{"rendered":"<p>Dale un toque mar\u00edtimo a tus espacios.La estrella azul es un encantador adorno perfecto para decorar cualquier espacio. Con un acabado brillante y una tonalidad azul, esta estrella de marina captura la atenci\u00f3n de todos los que la ven. Su tama\u00f1o compacto la hace vers\u00e1til, ya que se puede colocar en estanter\u00edas, mesas de centro [&hellip;]<\/p>\n","protected":false},"featured_media":747,"comment_status":"open","ping_status":"closed","template":"","meta":{"_monsterinsights_skip_tracking":false,"_monsterinsights_sitenote_active":false,"_monsterinsights_sitenote_note":"","_monsterinsights_sitenote_category":0},"product_brand":[],"product_cat":[35,15],"product_tag":[],"class_list":{"0":"post-746","1":"product","2":"type-product","3":"status-publish","4":"has-post-thumbnail","6":"product_cat-nautico","7":"product_cat-novedades","9":"first","10":"instock","11":"taxable","12":"shipping-taxable","13":"purchasable","14":"product-type-simple"},"aioseo_notices":[],"_links":{"self":[{"href":"https:\/\/hausermexico.com\/index.php\/wp-json\/wp\/v2\/product\/746","targetHints":{"allow":["GET"]}}],"collection":[{"href":"https:\/\/hausermexico.com\/index.php\/wp-json\/wp\/v2\/product"}],"about":[{"href":"https:\/\/hausermexico.com\/index.php\/wp-json\/wp\/v2\/types\/product"}],"replies":[{"embeddable":true,"href":"https:\/\/hausermexico.com\/index.php\/wp-json\/wp\/v2\/comments?post=746"}],"version-history":[{"count":0,"href":"https:\/\/hausermexico.com\/index.php\/wp-json\/wp\/v2\/product\/746\/revisions"}],"wp:featuredmedia":[{"embeddable":true,"href":"https:\/\/hausermexico.com\/index.php\/wp-json\/wp\/v2\/media\/747"}],"wp:attachment":[{"href":"https:\/\/hausermexico.com\/index.php\/wp-json\/wp\/v2\/media?parent=746"}],"wp:term":[{"taxonomy":"product_brand","embeddable":true,"href":"https:\/\/hausermexico.com\/index.php\/wp-json\/wp\/v2\/product_brand?post=746"},{"taxonomy":"product_cat","embeddable":true,"href":"https:\/\/hausermexico.com\/index.php\/wp-json\/wp\/v2\/product_cat?post=746"},{"taxonomy":"product_tag","embeddable":true,"href":"https:\/\/hausermexico.com\/index.php\/wp-json\/wp\/v2\/product_tag?post=746"}],"curies":[{"name":"wp","href":"https:\/\/api.w.org\/{rel}","templated":true}]}}