{"id":748,"date":"2024-04-05T17:30:03","date_gmt":"2024-04-05T17:30:03","guid":{"rendered":"https:\/\/hausermexico.com\/?post_type=product&#038;p=748"},"modified":"2024-04-05T17:30:50","modified_gmt":"2024-04-05T17:30:50","slug":"florero-de-cristal-humeado-genuine-quality-grande","status":"publish","type":"product","link":"https:\/\/hausermexico.com\/index.php\/product\/florero-de-cristal-humeado-genuine-quality-grande\/","title":{"rendered":"FLORERO DE CRISTAL HUMEADO GENUINE QUALITY GRANDE"},"content":{"rendered":"<p>Este florero es el complemento perfecto para decorar cualquier ambiente, ya sea en el hogar, la oficina o en eventos especiales. Su versatilidad le permite adaptarse a cualquier estilo de decoraci\u00f3n, desde el m\u00e1s minimalista hasta el m\u00e1s extravagante. Sin duda, este florero de cristal es el objeto ideal para aquellos que aprecian la belleza de las flores y desean realzar su esplendor en su entorno.<\/p>\n<p>MEDIDAS :\u00a027cm x 11cm de x 6.5cm<br \/>MATERIAL : Cristal<\/p>\n","protected":false},"excerpt":{"rendered":"<p>Este florero es el complemento perfecto para decorar cualquier ambiente, ya sea en el hogar, la oficina o en eventos especiales. Su versatilidad le permite adaptarse a cualquier estilo de decoraci\u00f3n, desde el m\u00e1s minimalista hasta el m\u00e1s extravagante. Sin duda, este florero de cristal es el objeto ideal para aquellos que aprecian la belleza [&hellip;]<\/p>\n","protected":false},"featured_media":749,"comment_status":"open","ping_status":"closed","template":"","meta":{"_monsterinsights_skip_tracking":false,"_monsterinsights_sitenote_active":false,"_monsterinsights_sitenote_note":"","_monsterinsights_sitenote_category":0},"product_brand":[],"product_cat":[34],"product_tag":[],"class_list":{"0":"post-748","1":"product","2":"type-product","3":"status-publish","4":"has-post-thumbnail","6":"product_cat-floreros","8":"first","9":"instock","10":"taxable","11":"shipping-taxable","12":"purchasable","13":"product-type-simple"},"aioseo_notices":[],"_links":{"self":[{"href":"https:\/\/hausermexico.com\/index.php\/wp-json\/wp\/v2\/product\/748","targetHints":{"allow":["GET"]}}],"collection":[{"href":"https:\/\/hausermexico.com\/index.php\/wp-json\/wp\/v2\/product"}],"about":[{"href":"https:\/\/hausermexico.com\/index.php\/wp-json\/wp\/v2\/types\/product"}],"replies":[{"embeddable":true,"href":"https:\/\/hausermexico.com\/index.php\/wp-json\/wp\/v2\/comments?post=748"}],"version-history":[{"count":0,"href":"https:\/\/hausermexico.com\/index.php\/wp-json\/wp\/v2\/product\/748\/revisions"}],"wp:featuredmedia":[{"embeddable":true,"href":"https:\/\/hausermexico.com\/index.php\/wp-json\/wp\/v2\/media\/749"}],"wp:attachment":[{"href":"https:\/\/hausermexico.com\/index.php\/wp-json\/wp\/v2\/media?parent=748"}],"wp:term":[{"taxonomy":"product_brand","embeddable":true,"href":"https:\/\/hausermexico.com\/index.php\/wp-json\/wp\/v2\/product_brand?post=748"},{"taxonomy":"product_cat","embeddable":true,"href":"https:\/\/hausermexico.com\/index.php\/wp-json\/wp\/v2\/product_cat?post=748"},{"taxonomy":"product_tag","embeddable":true,"href":"https:\/\/hausermexico.com\/index.php\/wp-json\/wp\/v2\/product_tag?post=748"}],"curies":[{"name":"wp","href":"https:\/\/api.w.org\/{rel}","templated":true}]}}