{"id":752,"date":"2024-04-05T17:31:57","date_gmt":"2024-04-05T17:31:57","guid":{"rendered":"https:\/\/hausermexico.com\/?post_type=product&#038;p=752"},"modified":"2024-04-05T17:33:33","modified_gmt":"2024-04-05T17:33:33","slug":"set-de-3-jaulas-grises","status":"publish","type":"product","link":"https:\/\/hausermexico.com\/index.php\/product\/set-de-3-jaulas-grises\/","title":{"rendered":"SET DE 3 JAULAS GRISES"},"content":{"rendered":"<p>Nuestro set de Jaulas Decorativas te lleva de vuelta a un tiempo de encanto vintage y elegancia cl\u00e1sica. Estas cautivadoras jaulas son una adici\u00f3n perfecta para tu decoraci\u00f3n, infundiendo un aire de romance y nostalgia en cualquier espacio.<\/p>\n<p>MEDIDAS: 50cm x 30cm\u00a0 \/ 46cm x 25cm\u00a0 \/ 38cm x 20cm<br \/>MATERIAL: Metal<\/p>\n","protected":false},"excerpt":{"rendered":"<p>Nuestro set de Jaulas Decorativas te lleva de vuelta a un tiempo de encanto vintage y elegancia cl\u00e1sica. Estas cautivadoras jaulas son una adici\u00f3n perfecta para tu decoraci\u00f3n, infundiendo un aire de romance y nostalgia en cualquier espacio. MEDIDAS: 50cm x 30cm\u00a0 \/ 46cm x 25cm\u00a0 \/ 38cm x 20cmMATERIAL: Metal<\/p>\n","protected":false},"featured_media":753,"comment_status":"open","ping_status":"closed","template":"","meta":{"_monsterinsights_skip_tracking":false,"_monsterinsights_sitenote_active":false,"_monsterinsights_sitenote_note":"","_monsterinsights_sitenote_category":0},"product_brand":[],"product_cat":[33,42],"product_tag":[],"class_list":{"0":"post-752","1":"product","2":"type-product","3":"status-publish","4":"has-post-thumbnail","6":"product_cat-accesorios","7":"product_cat-outlet","9":"first","10":"instock","11":"sale","12":"taxable","13":"shipping-taxable","14":"purchasable","15":"product-type-simple"},"aioseo_notices":[],"_links":{"self":[{"href":"https:\/\/hausermexico.com\/index.php\/wp-json\/wp\/v2\/product\/752","targetHints":{"allow":["GET"]}}],"collection":[{"href":"https:\/\/hausermexico.com\/index.php\/wp-json\/wp\/v2\/product"}],"about":[{"href":"https:\/\/hausermexico.com\/index.php\/wp-json\/wp\/v2\/types\/product"}],"replies":[{"embeddable":true,"href":"https:\/\/hausermexico.com\/index.php\/wp-json\/wp\/v2\/comments?post=752"}],"version-history":[{"count":0,"href":"https:\/\/hausermexico.com\/index.php\/wp-json\/wp\/v2\/product\/752\/revisions"}],"wp:featuredmedia":[{"embeddable":true,"href":"https:\/\/hausermexico.com\/index.php\/wp-json\/wp\/v2\/media\/753"}],"wp:attachment":[{"href":"https:\/\/hausermexico.com\/index.php\/wp-json\/wp\/v2\/media?parent=752"}],"wp:term":[{"taxonomy":"product_brand","embeddable":true,"href":"https:\/\/hausermexico.com\/index.php\/wp-json\/wp\/v2\/product_brand?post=752"},{"taxonomy":"product_cat","embeddable":true,"href":"https:\/\/hausermexico.com\/index.php\/wp-json\/wp\/v2\/product_cat?post=752"},{"taxonomy":"product_tag","embeddable":true,"href":"https:\/\/hausermexico.com\/index.php\/wp-json\/wp\/v2\/product_tag?post=752"}],"curies":[{"name":"wp","href":"https:\/\/api.w.org\/{rel}","templated":true}]}}