{"id":757,"date":"2024-04-05T17:38:54","date_gmt":"2024-04-05T17:38:54","guid":{"rendered":"https:\/\/hausermexico.com\/?post_type=product&#038;p=757"},"modified":"2024-04-05T17:39:29","modified_gmt":"2024-04-05T17:39:29","slug":"maceta-de-barro-ovalada-carte-postale","status":"publish","type":"product","link":"https:\/\/hausermexico.com\/index.php\/product\/maceta-de-barro-ovalada-carte-postale\/","title":{"rendered":"MACETA DE BARRO OVALADA &#8220;CARTE POSTALE&#8221;"},"content":{"rendered":"<p>Nuestra maceta de barro es la elecci\u00f3n perfecta para dar vida a tus plantas con un toque de naturalidad y sofisticaci\u00f3n. Esta maceta no solo es un recipiente funcional, sino que tambi\u00e9n es una expresi\u00f3n de estilo y belleza en tu espacio.<\/p>\n<p>MEDIDAS:\u00a012cm x 23cm x 11cm<br \/>MATERIAL: Barro<\/p>\n","protected":false},"excerpt":{"rendered":"<p>Nuestra maceta de barro es la elecci\u00f3n perfecta para dar vida a tus plantas con un toque de naturalidad y sofisticaci\u00f3n. Esta maceta no solo es un recipiente funcional, sino que tambi\u00e9n es una expresi\u00f3n de estilo y belleza en tu espacio.<\/p>\n<p>MEDIDAS:\u00a011cm x 21dm x 12cm<br \/>MATERIAL: Barro<\/p>\n","protected":false},"featured_media":758,"comment_status":"open","ping_status":"closed","template":"","meta":{"_monsterinsights_skip_tracking":false,"_monsterinsights_sitenote_active":false,"_monsterinsights_sitenote_note":"","_monsterinsights_sitenote_category":0},"product_brand":[],"product_cat":[36,42],"product_tag":[],"class_list":{"0":"post-757","1":"product","2":"type-product","3":"status-publish","4":"has-post-thumbnail","6":"product_cat-macetas","7":"product_cat-outlet","9":"first","10":"instock","11":"taxable","12":"shipping-taxable","13":"purchasable","14":"product-type-simple"},"aioseo_notices":[],"_links":{"self":[{"href":"https:\/\/hausermexico.com\/index.php\/wp-json\/wp\/v2\/product\/757","targetHints":{"allow":["GET"]}}],"collection":[{"href":"https:\/\/hausermexico.com\/index.php\/wp-json\/wp\/v2\/product"}],"about":[{"href":"https:\/\/hausermexico.com\/index.php\/wp-json\/wp\/v2\/types\/product"}],"replies":[{"embeddable":true,"href":"https:\/\/hausermexico.com\/index.php\/wp-json\/wp\/v2\/comments?post=757"}],"version-history":[{"count":0,"href":"https:\/\/hausermexico.com\/index.php\/wp-json\/wp\/v2\/product\/757\/revisions"}],"wp:featuredmedia":[{"embeddable":true,"href":"https:\/\/hausermexico.com\/index.php\/wp-json\/wp\/v2\/media\/758"}],"wp:attachment":[{"href":"https:\/\/hausermexico.com\/index.php\/wp-json\/wp\/v2\/media?parent=757"}],"wp:term":[{"taxonomy":"product_brand","embeddable":true,"href":"https:\/\/hausermexico.com\/index.php\/wp-json\/wp\/v2\/product_brand?post=757"},{"taxonomy":"product_cat","embeddable":true,"href":"https:\/\/hausermexico.com\/index.php\/wp-json\/wp\/v2\/product_cat?post=757"},{"taxonomy":"product_tag","embeddable":true,"href":"https:\/\/hausermexico.com\/index.php\/wp-json\/wp\/v2\/product_tag?post=757"}],"curies":[{"name":"wp","href":"https:\/\/api.w.org\/{rel}","templated":true}]}}