{"id":765,"date":"2024-04-05T17:46:49","date_gmt":"2024-04-05T17:46:49","guid":{"rendered":"https:\/\/hausermexico.com\/?post_type=product&#038;p=765"},"modified":"2024-04-05T17:47:24","modified_gmt":"2024-04-05T17:47:24","slug":"portallaves-madera-con-cajon","status":"publish","type":"product","link":"https:\/\/hausermexico.com\/index.php\/product\/portallaves-madera-con-cajon\/","title":{"rendered":"PORTALLAVES MADERA CON CAJON"},"content":{"rendered":"<p>Un portallaves con caj\u00f3n es un accesorio \u00fatil y funcional para organizar tus llaves de manera pr\u00e1ctica. Este dise\u00f1o cuenta con un caj\u00f3n incorporado que te permite guardar otros objetos peque\u00f1os como monedas, notas o tarjetas. Con este portallaves, podr\u00e1s tener todas tus llaves en un solo lugar, evitando la molestia de buscarlas cuando las necesites. Col\u00f3calo en la entrada de tu casa o en tu oficina para mantener todo en orden y tener tus llaves siempre al alcance de la mano. No pierdas m\u00e1s tiempo buscando tus llaves, con este portallaves con caj\u00f3n, tendr\u00e1s todo organizado y a mano en un solo lugar.<\/p>\n<p>MEDIDAS:\u00a034cm x 21.5cm x 7cm<br \/>MATERIAL: Madera<\/p>\n","protected":false},"excerpt":{"rendered":"<p>Un portallaves con caj\u00f3n es un accesorio \u00fatil y funcional para organizar tus llaves de manera pr\u00e1ctica. Este dise\u00f1o cuenta con un caj\u00f3n incorporado que te permite guardar otros objetos peque\u00f1os como monedas, notas o tarjetas. Con este portallaves, podr\u00e1s tener todas tus llaves en un solo lugar, evitando la molestia de buscarlas cuando las [&hellip;]<\/p>\n","protected":false},"featured_media":766,"comment_status":"open","ping_status":"closed","template":"","meta":{"_monsterinsights_skip_tracking":false,"_monsterinsights_sitenote_active":false,"_monsterinsights_sitenote_note":"","_monsterinsights_sitenote_category":0},"product_brand":[],"product_cat":[33],"product_tag":[],"class_list":{"0":"post-765","1":"product","2":"type-product","3":"status-publish","4":"has-post-thumbnail","6":"product_cat-accesorios","8":"first","9":"instock","10":"taxable","11":"shipping-taxable","12":"purchasable","13":"product-type-simple"},"aioseo_notices":[],"_links":{"self":[{"href":"https:\/\/hausermexico.com\/index.php\/wp-json\/wp\/v2\/product\/765","targetHints":{"allow":["GET"]}}],"collection":[{"href":"https:\/\/hausermexico.com\/index.php\/wp-json\/wp\/v2\/product"}],"about":[{"href":"https:\/\/hausermexico.com\/index.php\/wp-json\/wp\/v2\/types\/product"}],"replies":[{"embeddable":true,"href":"https:\/\/hausermexico.com\/index.php\/wp-json\/wp\/v2\/comments?post=765"}],"version-history":[{"count":0,"href":"https:\/\/hausermexico.com\/index.php\/wp-json\/wp\/v2\/product\/765\/revisions"}],"wp:featuredmedia":[{"embeddable":true,"href":"https:\/\/hausermexico.com\/index.php\/wp-json\/wp\/v2\/media\/766"}],"wp:attachment":[{"href":"https:\/\/hausermexico.com\/index.php\/wp-json\/wp\/v2\/media?parent=765"}],"wp:term":[{"taxonomy":"product_brand","embeddable":true,"href":"https:\/\/hausermexico.com\/index.php\/wp-json\/wp\/v2\/product_brand?post=765"},{"taxonomy":"product_cat","embeddable":true,"href":"https:\/\/hausermexico.com\/index.php\/wp-json\/wp\/v2\/product_cat?post=765"},{"taxonomy":"product_tag","embeddable":true,"href":"https:\/\/hausermexico.com\/index.php\/wp-json\/wp\/v2\/product_tag?post=765"}],"curies":[{"name":"wp","href":"https:\/\/api.w.org\/{rel}","templated":true}]}}