{"id":767,"date":"2024-04-05T17:47:38","date_gmt":"2024-04-05T17:47:38","guid":{"rendered":"https:\/\/hausermexico.com\/?post_type=product&#038;p=767"},"modified":"2024-04-05T17:48:40","modified_gmt":"2024-04-05T17:48:40","slug":"alhajero-con-espejo-de-madera","status":"publish","type":"product","link":"https:\/\/hausermexico.com\/index.php\/product\/alhajero-con-espejo-de-madera\/","title":{"rendered":"ALHAJERO CON ESPEJO DE MADERA"},"content":{"rendered":"<p>El alhajero con espejo es una elegante y pr\u00e1ctica pieza de decoraci\u00f3n que ofrece m\u00faltiples funciones. Este encantador accesorio combina la belleza de un espejo con la utilidad de un organizador de joyas. Adem\u00e1s, el espejo de calidad te permite admirar tu apariencia y realizar arreglos de \u00faltimo minuto antes de salir. Ya sea para a\u00f1adir elegancia a tu dormitorio o para regalar a alguien especial, el alhajero con espejo es una opci\u00f3n ideal.<\/p>\n<p>MEDIDAS:\u00a07cm x 24cm x16cm<br \/>MATERIAL: Madera<\/p>\n","protected":false},"excerpt":{"rendered":"<p>El alhajero con espejo es una elegante y pr\u00e1ctica pieza de decoraci\u00f3n que ofrece m\u00faltiples funciones. Este encantador accesorio combina la belleza de un espejo con la utilidad de un organizador de joyas. Adem\u00e1s, el espejo de calidad te permite admirar tu apariencia y realizar arreglos de \u00faltimo minuto antes de salir. Ya sea para [&hellip;]<\/p>\n","protected":false},"featured_media":768,"comment_status":"open","ping_status":"closed","template":"","meta":{"_monsterinsights_skip_tracking":false,"_monsterinsights_sitenote_active":false,"_monsterinsights_sitenote_note":"","_monsterinsights_sitenote_category":0},"product_brand":[],"product_cat":[33],"product_tag":[],"class_list":{"0":"post-767","1":"product","2":"type-product","3":"status-publish","4":"has-post-thumbnail","6":"product_cat-accesorios","8":"first","9":"instock","10":"taxable","11":"shipping-taxable","12":"purchasable","13":"product-type-simple"},"aioseo_notices":[],"_links":{"self":[{"href":"https:\/\/hausermexico.com\/index.php\/wp-json\/wp\/v2\/product\/767","targetHints":{"allow":["GET"]}}],"collection":[{"href":"https:\/\/hausermexico.com\/index.php\/wp-json\/wp\/v2\/product"}],"about":[{"href":"https:\/\/hausermexico.com\/index.php\/wp-json\/wp\/v2\/types\/product"}],"replies":[{"embeddable":true,"href":"https:\/\/hausermexico.com\/index.php\/wp-json\/wp\/v2\/comments?post=767"}],"version-history":[{"count":0,"href":"https:\/\/hausermexico.com\/index.php\/wp-json\/wp\/v2\/product\/767\/revisions"}],"wp:featuredmedia":[{"embeddable":true,"href":"https:\/\/hausermexico.com\/index.php\/wp-json\/wp\/v2\/media\/768"}],"wp:attachment":[{"href":"https:\/\/hausermexico.com\/index.php\/wp-json\/wp\/v2\/media?parent=767"}],"wp:term":[{"taxonomy":"product_brand","embeddable":true,"href":"https:\/\/hausermexico.com\/index.php\/wp-json\/wp\/v2\/product_brand?post=767"},{"taxonomy":"product_cat","embeddable":true,"href":"https:\/\/hausermexico.com\/index.php\/wp-json\/wp\/v2\/product_cat?post=767"},{"taxonomy":"product_tag","embeddable":true,"href":"https:\/\/hausermexico.com\/index.php\/wp-json\/wp\/v2\/product_tag?post=767"}],"curies":[{"name":"wp","href":"https:\/\/api.w.org\/{rel}","templated":true}]}}