{"id":885,"date":"2024-04-05T19:26:12","date_gmt":"2024-04-05T19:26:12","guid":{"rendered":"https:\/\/hausermexico.com\/?post_type=product&#038;p=885"},"modified":"2024-04-12T15:30:14","modified_gmt":"2024-04-12T15:30:14","slug":"caja-para-relojes-camel","status":"publish","type":"product","link":"https:\/\/hausermexico.com\/index.php\/product\/caja-para-relojes-camel\/","title":{"rendered":"CAJA PARA RELOJES CAMEL"},"content":{"rendered":"<p>Protege y exhibe tus relojes favoritos con nuestra Caja para Relojes Camel. Con un acabado en tono camel, esta caja ofrece un toque de elegancia y estilo a la vez que proporciona una soluci\u00f3n pr\u00e1ctica para organizar tu colecci\u00f3n de relojes. Equipada con compartimentos individuales acolchados, esta caja mantendr\u00e1 tus relojes seguros y libres de ara\u00f1azos. Ya sea en tu tocador, estante o escritorio, esta caja para relojes ser\u00e1 el complemento perfecto para tu espacio, a\u00f1adiendo un toque de lujo y sofisticaci\u00f3n.<\/p>\n<p>Medidas: 33cm x 11.5cm x 4cm<\/p>\n","protected":false},"excerpt":{"rendered":"<p>Protege y exhibe tus relojes favoritos con nuestra Caja para Relojes Camel. Con un acabado en tono camel, esta caja ofrece un toque de elegancia y estilo a la vez que proporciona una soluci\u00f3n pr\u00e1ctica para organizar tu colecci\u00f3n de relojes. Equipada con compartimentos individuales acolchados, esta caja mantendr\u00e1 tus relojes seguros y libres de [&hellip;]<\/p>\n","protected":false},"featured_media":886,"comment_status":"open","ping_status":"closed","template":"","meta":{"_monsterinsights_skip_tracking":false,"_monsterinsights_sitenote_active":false,"_monsterinsights_sitenote_note":"","_monsterinsights_sitenote_category":0},"product_brand":[],"product_cat":[33,15],"product_tag":[],"class_list":{"0":"post-885","1":"product","2":"type-product","3":"status-publish","4":"has-post-thumbnail","6":"product_cat-accesorios","7":"product_cat-novedades","9":"first","10":"instock","11":"taxable","12":"shipping-taxable","13":"purchasable","14":"product-type-simple"},"aioseo_notices":[],"_links":{"self":[{"href":"https:\/\/hausermexico.com\/index.php\/wp-json\/wp\/v2\/product\/885","targetHints":{"allow":["GET"]}}],"collection":[{"href":"https:\/\/hausermexico.com\/index.php\/wp-json\/wp\/v2\/product"}],"about":[{"href":"https:\/\/hausermexico.com\/index.php\/wp-json\/wp\/v2\/types\/product"}],"replies":[{"embeddable":true,"href":"https:\/\/hausermexico.com\/index.php\/wp-json\/wp\/v2\/comments?post=885"}],"version-history":[{"count":2,"href":"https:\/\/hausermexico.com\/index.php\/wp-json\/wp\/v2\/product\/885\/revisions"}],"predecessor-version":[{"id":1072,"href":"https:\/\/hausermexico.com\/index.php\/wp-json\/wp\/v2\/product\/885\/revisions\/1072"}],"wp:featuredmedia":[{"embeddable":true,"href":"https:\/\/hausermexico.com\/index.php\/wp-json\/wp\/v2\/media\/886"}],"wp:attachment":[{"href":"https:\/\/hausermexico.com\/index.php\/wp-json\/wp\/v2\/media?parent=885"}],"wp:term":[{"taxonomy":"product_brand","embeddable":true,"href":"https:\/\/hausermexico.com\/index.php\/wp-json\/wp\/v2\/product_brand?post=885"},{"taxonomy":"product_cat","embeddable":true,"href":"https:\/\/hausermexico.com\/index.php\/wp-json\/wp\/v2\/product_cat?post=885"},{"taxonomy":"product_tag","embeddable":true,"href":"https:\/\/hausermexico.com\/index.php\/wp-json\/wp\/v2\/product_tag?post=885"}],"curies":[{"name":"wp","href":"https:\/\/api.w.org\/{rel}","templated":true}]}}