{"id":888,"date":"2024-04-05T19:27:30","date_gmt":"2024-04-05T19:27:30","guid":{"rendered":"https:\/\/hausermexico.com\/?post_type=product&#038;p=888"},"modified":"2024-04-12T15:28:32","modified_gmt":"2024-04-12T15:28:32","slug":"juego-de-patos-blanco","status":"publish","type":"product","link":"https:\/\/hausermexico.com\/index.php\/product\/juego-de-patos-blanco\/","title":{"rendered":"JUEGO DE PATOS BLANCO"},"content":{"rendered":"<p>Transforma tu espacio con el encanto y la elegancia de nuestro Juego de Patos Blanco. Estos adorables patos , con su actitud curiosa y suaves detalles, traen consigo un aire de magia y sofisticaci\u00f3n. Perfectos para embellecer tu jard\u00edn, terraza o incluso tu sala de estar, estos patos a\u00f1aden un toque de dulzura y personalidad a cualquier ambiente. Prepara tus espacios para recibir a estos encantadores compa\u00f1eros, \u00a1y d\u00e9jalos sorprenderte con su carisma!<\/p>\n","protected":false},"excerpt":{"rendered":"<p>Transforma tu espacio con el encanto y la elegancia de nuestro Juego de Patos Blanco. Estos adorables patos , con su actitud curiosa y suaves detalles, traen consigo un aire de magia y sofisticaci\u00f3n. Perfectos para embellecer tu jard\u00edn, terraza o incluso tu sala de estar, estos patos a\u00f1aden un toque de dulzura y personalidad [&hellip;]<\/p>\n","protected":false},"featured_media":889,"comment_status":"open","ping_status":"closed","template":"","meta":{"_monsterinsights_skip_tracking":false,"_monsterinsights_sitenote_active":false,"_monsterinsights_sitenote_note":"","_monsterinsights_sitenote_category":0},"product_brand":[],"product_cat":[33,15],"product_tag":[],"class_list":{"0":"post-888","1":"product","2":"type-product","3":"status-publish","4":"has-post-thumbnail","6":"product_cat-accesorios","7":"product_cat-novedades","9":"first","10":"instock","11":"taxable","12":"shipping-taxable","13":"purchasable","14":"product-type-simple"},"aioseo_notices":[],"_links":{"self":[{"href":"https:\/\/hausermexico.com\/index.php\/wp-json\/wp\/v2\/product\/888","targetHints":{"allow":["GET"]}}],"collection":[{"href":"https:\/\/hausermexico.com\/index.php\/wp-json\/wp\/v2\/product"}],"about":[{"href":"https:\/\/hausermexico.com\/index.php\/wp-json\/wp\/v2\/types\/product"}],"replies":[{"embeddable":true,"href":"https:\/\/hausermexico.com\/index.php\/wp-json\/wp\/v2\/comments?post=888"}],"version-history":[{"count":2,"href":"https:\/\/hausermexico.com\/index.php\/wp-json\/wp\/v2\/product\/888\/revisions"}],"predecessor-version":[{"id":1071,"href":"https:\/\/hausermexico.com\/index.php\/wp-json\/wp\/v2\/product\/888\/revisions\/1071"}],"wp:featuredmedia":[{"embeddable":true,"href":"https:\/\/hausermexico.com\/index.php\/wp-json\/wp\/v2\/media\/889"}],"wp:attachment":[{"href":"https:\/\/hausermexico.com\/index.php\/wp-json\/wp\/v2\/media?parent=888"}],"wp:term":[{"taxonomy":"product_brand","embeddable":true,"href":"https:\/\/hausermexico.com\/index.php\/wp-json\/wp\/v2\/product_brand?post=888"},{"taxonomy":"product_cat","embeddable":true,"href":"https:\/\/hausermexico.com\/index.php\/wp-json\/wp\/v2\/product_cat?post=888"},{"taxonomy":"product_tag","embeddable":true,"href":"https:\/\/hausermexico.com\/index.php\/wp-json\/wp\/v2\/product_tag?post=888"}],"curies":[{"name":"wp","href":"https:\/\/api.w.org\/{rel}","templated":true}]}}