{"id":900,"date":"2024-04-05T19:36:30","date_gmt":"2024-04-05T19:36:30","guid":{"rendered":"https:\/\/hausermexico.com\/?post_type=product&#038;p=900"},"modified":"2025-01-27T16:42:14","modified_gmt":"2025-01-27T16:42:14","slug":"florero-de-vidrio-negro-chico-copia","status":"publish","type":"product","link":"https:\/\/hausermexico.com\/index.php\/product\/florero-de-vidrio-negro-chico-copia\/","title":{"rendered":"FLORERO DE VIDRIO NEGRO GRANDE"},"content":{"rendered":"<p>A\u00f1ade un toque de sofisticaci\u00f3n y elegancia a tu decoraci\u00f3n con nuestro florero. Este impresionante florero presenta un dise\u00f1o moderno y minimalista en un llamativo color negro, perfecto para realzar la belleza de tus arreglos florales favoritos. Con su tama\u00f1o generoso, es ideal para crear impactantes centros de mesa o para exhibir flores de tallo largo en cualquier ambiente de tu hogar u oficina.<\/p>\n<p>Medidas: 40cm x 23cm<\/p>\n","protected":false},"excerpt":{"rendered":"<p>A\u00f1ade un toque de sofisticaci\u00f3n y elegancia a tu decoraci\u00f3n con nuestro florero. Este impresionante florero presenta un dise\u00f1o moderno y minimalista en un llamativo color negro, perfecto para realzar la belleza de tus arreglos florales favoritos. Con su tama\u00f1o generoso, es ideal para crear impactantes centros de mesa o para exhibir flores de tallo [&hellip;]<\/p>\n","protected":false},"featured_media":911,"comment_status":"open","ping_status":"closed","template":"","meta":{"_monsterinsights_skip_tracking":false,"_monsterinsights_sitenote_active":false,"_monsterinsights_sitenote_note":"","_monsterinsights_sitenote_category":0},"product_brand":[],"product_cat":[33,15],"product_tag":[],"class_list":{"0":"post-900","1":"product","2":"type-product","3":"status-publish","4":"has-post-thumbnail","6":"product_cat-accesorios","7":"product_cat-novedades","9":"first","10":"outofstock","11":"taxable","12":"shipping-taxable","13":"purchasable","14":"product-type-simple"},"aioseo_notices":[],"_links":{"self":[{"href":"https:\/\/hausermexico.com\/index.php\/wp-json\/wp\/v2\/product\/900","targetHints":{"allow":["GET"]}}],"collection":[{"href":"https:\/\/hausermexico.com\/index.php\/wp-json\/wp\/v2\/product"}],"about":[{"href":"https:\/\/hausermexico.com\/index.php\/wp-json\/wp\/v2\/types\/product"}],"replies":[{"embeddable":true,"href":"https:\/\/hausermexico.com\/index.php\/wp-json\/wp\/v2\/comments?post=900"}],"version-history":[{"count":3,"href":"https:\/\/hausermexico.com\/index.php\/wp-json\/wp\/v2\/product\/900\/revisions"}],"predecessor-version":[{"id":1069,"href":"https:\/\/hausermexico.com\/index.php\/wp-json\/wp\/v2\/product\/900\/revisions\/1069"}],"wp:featuredmedia":[{"embeddable":true,"href":"https:\/\/hausermexico.com\/index.php\/wp-json\/wp\/v2\/media\/911"}],"wp:attachment":[{"href":"https:\/\/hausermexico.com\/index.php\/wp-json\/wp\/v2\/media?parent=900"}],"wp:term":[{"taxonomy":"product_brand","embeddable":true,"href":"https:\/\/hausermexico.com\/index.php\/wp-json\/wp\/v2\/product_brand?post=900"},{"taxonomy":"product_cat","embeddable":true,"href":"https:\/\/hausermexico.com\/index.php\/wp-json\/wp\/v2\/product_cat?post=900"},{"taxonomy":"product_tag","embeddable":true,"href":"https:\/\/hausermexico.com\/index.php\/wp-json\/wp\/v2\/product_tag?post=900"}],"curies":[{"name":"wp","href":"https:\/\/api.w.org\/{rel}","templated":true}]}}