{"id":954,"date":"2024-04-05T21:20:11","date_gmt":"2024-04-05T21:20:11","guid":{"rendered":"https:\/\/hausermexico.com\/?post_type=product&#038;p=954"},"modified":"2024-09-19T15:57:51","modified_gmt":"2024-09-19T15:57:51","slug":"set-de-2-candelabros-negros","status":"publish","type":"product","link":"https:\/\/hausermexico.com\/index.php\/product\/set-de-2-candelabros-negros\/","title":{"rendered":"SET DE 2 CANDELABROS NEGROS"},"content":{"rendered":"<p>A\u00f1ade un toque de elegancia y calidez a tu hogar con nuestro Set de 2 Candelabros Negros. Estos candelabros presentan un dise\u00f1o cl\u00e1sico con un acabado negro mate que se adapta perfectamente a cualquier estilo de decoraci\u00f3n. Coloca estos candelabros en tu mesa de comedor, mesa auxiliar o chimenea para crear un ambiente acogedor y sofisticado en cualquier ocasi\u00f3n.<\/p>\n<p>Medidas: 39cm x 10cm \/ 30cm x 10cm<\/p>\n","protected":false},"excerpt":{"rendered":"<p>A\u00f1ade un toque de elegancia y calidez a tu hogar con nuestro Set de 2 Candelabros Negros. Estos candelabros presentan un dise\u00f1o cl\u00e1sico con un acabado negro mate que se adapta perfectamente a cualquier estilo de decoraci\u00f3n. Coloca estos candelabros en tu mesa de comedor, mesa auxiliar o chimenea para crear un ambiente acogedor y [&hellip;]<\/p>\n","protected":false},"featured_media":955,"comment_status":"open","ping_status":"closed","template":"","meta":{"_monsterinsights_skip_tracking":false,"_monsterinsights_sitenote_active":false,"_monsterinsights_sitenote_note":"","_monsterinsights_sitenote_category":0},"product_brand":[],"product_cat":[33,15],"product_tag":[],"class_list":{"0":"post-954","1":"product","2":"type-product","3":"status-publish","4":"has-post-thumbnail","6":"product_cat-accesorios","7":"product_cat-novedades","9":"first","10":"outofstock","11":"taxable","12":"shipping-taxable","13":"purchasable","14":"product-type-simple"},"aioseo_notices":[],"_links":{"self":[{"href":"https:\/\/hausermexico.com\/index.php\/wp-json\/wp\/v2\/product\/954","targetHints":{"allow":["GET"]}}],"collection":[{"href":"https:\/\/hausermexico.com\/index.php\/wp-json\/wp\/v2\/product"}],"about":[{"href":"https:\/\/hausermexico.com\/index.php\/wp-json\/wp\/v2\/types\/product"}],"replies":[{"embeddable":true,"href":"https:\/\/hausermexico.com\/index.php\/wp-json\/wp\/v2\/comments?post=954"}],"version-history":[{"count":2,"href":"https:\/\/hausermexico.com\/index.php\/wp-json\/wp\/v2\/product\/954\/revisions"}],"predecessor-version":[{"id":1057,"href":"https:\/\/hausermexico.com\/index.php\/wp-json\/wp\/v2\/product\/954\/revisions\/1057"}],"wp:featuredmedia":[{"embeddable":true,"href":"https:\/\/hausermexico.com\/index.php\/wp-json\/wp\/v2\/media\/955"}],"wp:attachment":[{"href":"https:\/\/hausermexico.com\/index.php\/wp-json\/wp\/v2\/media?parent=954"}],"wp:term":[{"taxonomy":"product_brand","embeddable":true,"href":"https:\/\/hausermexico.com\/index.php\/wp-json\/wp\/v2\/product_brand?post=954"},{"taxonomy":"product_cat","embeddable":true,"href":"https:\/\/hausermexico.com\/index.php\/wp-json\/wp\/v2\/product_cat?post=954"},{"taxonomy":"product_tag","embeddable":true,"href":"https:\/\/hausermexico.com\/index.php\/wp-json\/wp\/v2\/product_tag?post=954"}],"curies":[{"name":"wp","href":"https:\/\/api.w.org\/{rel}","templated":true}]}}