{"id":964,"date":"2024-04-05T21:23:26","date_gmt":"2024-04-05T21:23:26","guid":{"rendered":"https:\/\/hausermexico.com\/?post_type=product&#038;p=964"},"modified":"2024-09-19T16:14:16","modified_gmt":"2024-09-19T16:14:16","slug":"escultura-caballo-cafe-grande","status":"publish","type":"product","link":"https:\/\/hausermexico.com\/index.php\/product\/escultura-caballo-cafe-grande\/","title":{"rendered":"ESCULTURA CABALLO CAF\u00c9 GRANDE"},"content":{"rendered":"<p>Embellece tu hogar con la elegancia natural de nuestra Escultura Caballo Caf\u00e9 Grande. Con su acabado en tonos caf\u00e9 y detalles meticulosamente elaborados, esta escultura captura la nobleza y la serenidad del caballo en una forma art\u00edstica y cautivadora. Col\u00f3cala en tu sala de estar, estudio o incluso en tu espacio de trabajo para infundir un aire de sofisticaci\u00f3n y tranquilidad en tu entorno.<\/p>\n<p>Medidas: 38cm x 36cm x 10cm<\/p>\n","protected":false},"excerpt":{"rendered":"<p>Embellece tu hogar con la elegancia natural de nuestra Escultura Caballo Caf\u00e9 Grande. Con su acabado en tonos caf\u00e9 y detalles meticulosamente elaborados, esta escultura captura la nobleza y la serenidad del caballo en una forma art\u00edstica y cautivadora. Col\u00f3cala en tu sala de estar, estudio o incluso en tu espacio de trabajo para infundir [&hellip;]<\/p>\n","protected":false},"featured_media":965,"comment_status":"open","ping_status":"closed","template":"","meta":{"_monsterinsights_skip_tracking":false,"_monsterinsights_sitenote_active":false,"_monsterinsights_sitenote_note":"","_monsterinsights_sitenote_category":0},"product_brand":[],"product_cat":[33,15],"product_tag":[],"class_list":{"0":"post-964","1":"product","2":"type-product","3":"status-publish","4":"has-post-thumbnail","6":"product_cat-accesorios","7":"product_cat-novedades","9":"first","10":"outofstock","11":"taxable","12":"shipping-taxable","13":"purchasable","14":"product-type-simple"},"aioseo_notices":[],"_links":{"self":[{"href":"https:\/\/hausermexico.com\/index.php\/wp-json\/wp\/v2\/product\/964","targetHints":{"allow":["GET"]}}],"collection":[{"href":"https:\/\/hausermexico.com\/index.php\/wp-json\/wp\/v2\/product"}],"about":[{"href":"https:\/\/hausermexico.com\/index.php\/wp-json\/wp\/v2\/types\/product"}],"replies":[{"embeddable":true,"href":"https:\/\/hausermexico.com\/index.php\/wp-json\/wp\/v2\/comments?post=964"}],"version-history":[{"count":2,"href":"https:\/\/hausermexico.com\/index.php\/wp-json\/wp\/v2\/product\/964\/revisions"}],"predecessor-version":[{"id":1055,"href":"https:\/\/hausermexico.com\/index.php\/wp-json\/wp\/v2\/product\/964\/revisions\/1055"}],"wp:featuredmedia":[{"embeddable":true,"href":"https:\/\/hausermexico.com\/index.php\/wp-json\/wp\/v2\/media\/965"}],"wp:attachment":[{"href":"https:\/\/hausermexico.com\/index.php\/wp-json\/wp\/v2\/media?parent=964"}],"wp:term":[{"taxonomy":"product_brand","embeddable":true,"href":"https:\/\/hausermexico.com\/index.php\/wp-json\/wp\/v2\/product_brand?post=964"},{"taxonomy":"product_cat","embeddable":true,"href":"https:\/\/hausermexico.com\/index.php\/wp-json\/wp\/v2\/product_cat?post=964"},{"taxonomy":"product_tag","embeddable":true,"href":"https:\/\/hausermexico.com\/index.php\/wp-json\/wp\/v2\/product_tag?post=964"}],"curies":[{"name":"wp","href":"https:\/\/api.w.org\/{rel}","templated":true}]}}