{"id":987,"date":"2024-04-05T21:43:43","date_gmt":"2024-04-05T21:43:43","guid":{"rendered":"https:\/\/hausermexico.com\/?post_type=product&#038;p=987"},"modified":"2024-09-19T15:58:45","modified_gmt":"2024-09-19T15:58:45","slug":"escultura-de-tiburon","status":"publish","type":"product","link":"https:\/\/hausermexico.com\/index.php\/product\/escultura-de-tiburon\/","title":{"rendered":"ESCULTURA DE TIBURON"},"content":{"rendered":"","protected":false},"excerpt":{"rendered":"<p>Sum\u00e9rgete en la majestuosidad del oc\u00e9ano con nuestra escultura. Esta impresionante obra de arte captura la esencia imponente y tranquila de este magn\u00edfico gigante marino, agregando un toque de asombro y admiraci\u00f3n a cualquier espacio.<\/p>\n<p>Ya sea que seas un amante de la vida marina, un entusiasta de la conservaci\u00f3n o simplemente alguien que busca agregar una pieza \u00fanica de arte a tu colecci\u00f3n, esta es la elecci\u00f3n perfecta para ti.<\/p>\n<p>Medidas: 98cm x 37cm x 36cm<\/p>\n","protected":false},"featured_media":988,"comment_status":"open","ping_status":"closed","template":"","meta":{"_monsterinsights_skip_tracking":false,"_monsterinsights_sitenote_active":false,"_monsterinsights_sitenote_note":"","_monsterinsights_sitenote_category":0},"product_brand":[],"product_cat":[35,15],"product_tag":[],"class_list":{"0":"post-987","1":"product","2":"type-product","3":"status-publish","4":"has-post-thumbnail","6":"product_cat-nautico","7":"product_cat-novedades","9":"first","10":"outofstock","11":"taxable","12":"shipping-taxable","13":"purchasable","14":"product-type-simple"},"aioseo_notices":[],"_links":{"self":[{"href":"https:\/\/hausermexico.com\/index.php\/wp-json\/wp\/v2\/product\/987","targetHints":{"allow":["GET"]}}],"collection":[{"href":"https:\/\/hausermexico.com\/index.php\/wp-json\/wp\/v2\/product"}],"about":[{"href":"https:\/\/hausermexico.com\/index.php\/wp-json\/wp\/v2\/types\/product"}],"replies":[{"embeddable":true,"href":"https:\/\/hausermexico.com\/index.php\/wp-json\/wp\/v2\/comments?post=987"}],"version-history":[{"count":2,"href":"https:\/\/hausermexico.com\/index.php\/wp-json\/wp\/v2\/product\/987\/revisions"}],"predecessor-version":[{"id":1027,"href":"https:\/\/hausermexico.com\/index.php\/wp-json\/wp\/v2\/product\/987\/revisions\/1027"}],"wp:featuredmedia":[{"embeddable":true,"href":"https:\/\/hausermexico.com\/index.php\/wp-json\/wp\/v2\/media\/988"}],"wp:attachment":[{"href":"https:\/\/hausermexico.com\/index.php\/wp-json\/wp\/v2\/media?parent=987"}],"wp:term":[{"taxonomy":"product_brand","embeddable":true,"href":"https:\/\/hausermexico.com\/index.php\/wp-json\/wp\/v2\/product_brand?post=987"},{"taxonomy":"product_cat","embeddable":true,"href":"https:\/\/hausermexico.com\/index.php\/wp-json\/wp\/v2\/product_cat?post=987"},{"taxonomy":"product_tag","embeddable":true,"href":"https:\/\/hausermexico.com\/index.php\/wp-json\/wp\/v2\/product_tag?post=987"}],"curies":[{"name":"wp","href":"https:\/\/api.w.org\/{rel}","templated":true}]}}